{"id":23973,"date":"2025-01-13T10:50:40","date_gmt":"2025-01-13T10:50:40","guid":{"rendered":"https:\/\/www.innovatrieste.it\/?page_id=23973"},"modified":"2025-02-10T15:47:20","modified_gmt":"2025-02-10T15:47:20","slug":"por-que-existimos","status":"publish","type":"page","link":"https:\/\/www.innovatrieste.it\/es\/por-que-existimos\/","title":{"rendered":"Por qu\u00e9 existimos"},"content":{"rendered":"<section data-vc-full-width=\"true\" data-vc-full-width-init=\"false\" class=\"vc_row wpb_row vc_row-fluid big-section vc_custom_1729699064476 wow none vc_row-has-fill pofo-stretch-content pofo-stretch-row-container vc_row-o-equal-height vc_row-o-content-middle vc_row-flex\"><div class=\"wpb_column vc_column_container vc_col-md-2 col-xs-mobile-fullwidth\"><div class=\"vc_column-inner \"><div class=\"wpb_wrapper\"><div class=\"sm-display-none separator-line-horrizontal-full bg-extra-light-gray center-col pofo-separator\" style=\"background-color:#298fc2;\"><\/div><\/div><\/div><\/div><div class=\"wpb_column vc_column_container vc_col-md-offset-2 vc_col-md-8 col-xs-mobile-fullwidth\"><div class=\"vc_column-inner vc_custom_1507701469315\" style=\"min-height: 400px;\"><div class=\"wpb_wrapper\">[vc_single_image image=\u00bb23320&#8243; img_size=\u00bbfull\u00bb el_class=\u00bbmargin-five-bottom\u00bb css=\u00bb.vc_custom_1736264318149{margin-bottom: 20px !important;}\u00bb]<h3 class=\"text-extra-dark-gray margin-20px-bottom font-weight-600 display-inline-block alt-font heading-style2  vc_custom_1736939518688 pofo-button-responsive-69dbc9df9620f  heading-1\"  style=\"font-weight: 500; color: #ffffff;\">INNOVA<\/h3><span class=\"text-extra-large margin-25px-bottom display-block alt-font heading-style3  vc_custom_1737017029410 pofo-button-responsive-69dbc9df96252  heading-2\"  style=\"width: 85%; font-size: 18px; line-height: 26px; font-weight: 300;\" data-fontsize=\"18px\" data-lineheight=\"26px\">es una empresa l\u00edder en el dise\u00f1o y la producci\u00f3n de hardware y software, adem\u00e1s de la provisi\u00f3n de tecnolog\u00edas y servicios para apoyar las actividades investigativas de la Magistratura y las Fuerzas y Cuerpos de Seguritad. Al servicio de Instituciones y Entes P\u00fablicos para la protecci\u00f3n y defensa de la comunidad, INNOVA se compromete a garantizar un crecimiento sostenible e inclusivo desarrollando tecnolog\u00edas y servicios de vanguardia, con una atenci\u00f3n constante y prioritaria a los principios de confidencialidad y seguridad de los datos. De esta manera, busca contribuir a la creaci\u00f3n de valor a largo plazo en t\u00e9rminos de capital humano, econ\u00f3mico, social y ambiental.<\/span><\/div><\/div><\/div><\/section><div class=\"vc_row-full-width vc_clearfix\"><\/div><section data-vc-full-width=\"true\" data-vc-full-width-init=\"false\" data-parallax-background-ratio=\"0.5\" class=\"vc_row wpb_row vc_row-fluid  vc_custom_1733919528219 wow fadeIn vc_row-has-fill pofo-stretch-content pofo-stretch-row-container parallax pofo-row-responsive-69dbc9df962a7\" style=\"min-height: 900px;\"><div class=\"wpb_column vc_column_container vc_col-sm-12  col-xs-mobile-fullwidth\"><div class=\"vc_column-inner \"><div class=\"wpb_wrapper\"><\/div><\/div><\/div><\/section><div class=\"vc_row-full-width vc_clearfix\"><\/div><section data-vc-full-width=\"true\" data-vc-full-width-init=\"false\" class=\"vc_row wpb_row vc_row-fluid  vc_custom_1510042830410 wow fadeIn vc_row-has-fill pofo-stretch-content pofo-stretch-row-container pofo-row-responsive-69dbc9df9632c\"><div class=\"wpb_column vc_column_container vc_col-sm-12  col-xs-mobile-fullwidth text-center md-text-center sm-text-left xs-text-left\"><div class=\"vc_column-inner \"><div class=\"wpb_wrapper\">[vc_single_image image=\u00bb22813&#8243; img_size=\u00bbfull\u00bb alignment=\u00bbcenter\u00bb el_class=\u00bbmargin-40px-bottom sm-margin-30px-bottom mob-left\u00bb css=\u00bb.vc_custom_1729756123760{margin-bottom: 40px !important;}\u00bb]<span class=\"text-extra-dark-gray margin-20px-bottom font-weight-600 display-inline-block  pofo_font_1736848853225 heading-style2  vc_custom_1736848853225 pofo-button-responsive-69dbc9df9643d  heading-3\"  style=\"width: 65%; font-size: 40px; line-height: 45px; font-weight: 300; color: #ffffff;\" data-fontsize=\"40px\" data-lineheight=\"45px\">Nuestra misi\u00f3n<\/span><h6 class=\"text-extra-dark-gray margin-20px-bottom font-weight-600 display-inline-block heading-style2  vc_custom_1737017062482 pofo-button-responsive-69dbc9df96478  heading-4\"  style=\"width: 65%; font-weight: 300; color: #939393;\">La integridad, la innovaci\u00f3n y la valorizaci\u00f3n del capital humano son las bases sobre las que creamos productos y servicios dedicados a la justicia y al trabajo investigativo de las Fuerzas y Cuerpos de Seguridad. A trav\u00e9s de nuestro trabajo, contribuimos a la protecci\u00f3n de la libertad y la seguridad de las personas.<\/h6>[vc_single_image image=\u00bb22821&#8243; img_size=\u00bbfull\u00bb alignment=\u00bbcenter\u00bb el_class=\u00bbno-margin-bottom height-600px position-relative margin-100px-top sm-margin-50px-tb wow fadeInUp sm-height-auto\u00bb css=\u00bb.vc_custom_1729756525862{margin-top: 45px !important;margin-bottom: 0px !important;}\u00bb]<\/div><\/div><\/div><\/section><div class=\"vc_row-full-width vc_clearfix\"><\/div><section class=\"vc_row wpb_row vc_row-fluid   wow fadeIn\"><div class=\"wpb_column vc_column_container vc_col-sm-1 vc_col-lg-2 vc_col-md-2 vc_hidden-xs col-xs-mobile-fullwidth\"><div class=\"vc_column-inner \"><div class=\"wpb_wrapper\"><\/div><\/div><\/div><div class=\"wpb_column vc_column_container vc_col-sm-10 vc_col-lg-8 vc_col-md-8 vc_col-xs-12 text-center sm-text-left xs-text-left\"><div class=\"vc_column-inner \"><div class=\"wpb_wrapper\"><div class=\"testimonial-3 testimonial-style-3\"><i class=\"fas fa-quote-left icon-small text-deep-pink display-block margin-25px-bottom \"><\/i><div class=\"alt-font text-extra-dark-gray font-weight-600 pofo_font_1736848879276 margin-5px-bottom\" style=\"font-size: 40px; line-height: 50px;\" data-fontsize=\"40px\" data-lineheight=\"50px\">Nuestra visi\u00f3n<\/div><h5 class=\"alt-font text-extra-dark-gray font-weight-300\">Nuestro objetivo es crear valor econ\u00f3mico y social a trav\u00e9s de la innovaci\u00f3n tecnol\u00f3gica y la investigaci\u00f3n cient\u00edfica, aprovechando la creatividad de nuestras ideas para desarrollar soluciones investigativas eficaces, simples y confiables.<\/h5><\/div><\/div><\/div><\/div><div class=\"wpb_column vc_column_container vc_col-sm-1 vc_col-lg-2 vc_col-md-2 vc_hidden-xs col-xs-mobile-fullwidth\"><div class=\"vc_column-inner \"><div class=\"wpb_wrapper\"><\/div><\/div><\/div><\/section><section data-vc-full-width=\"true\" data-vc-full-width-init=\"false\" data-vc-stretch-content=\"true\" class=\"vc_row wpb_row vc_row-fluid  vc_custom_1507644241473 wow fadeIn vc_row-has-fill pofo-stretch-content vc_row-no-padding vc_row-o-equal-height vc_row-o-content-middle vc_row-flex\"><div class=\"wpb_column vc_column_container vc_col-sm-12 vc_col-md-6 vc_col-xs-12 wow fadeIn sm-text-center\"><div class=\"vc_column-inner vc_custom_1507644301984\"><div class=\"wpb_wrapper\"><div class=\"vc_row wpb_row vc_inner vc_row-fluid  vc_custom_1510030349486 pofo-inner-row-responsive-69dbc9df96a0d\"><div class=\"wpb_column vc_column_container vc_col-sm-12  col-xs-mobile-fullwidth sm-text-left xs-text-left\"><div class=\"vc_column-inner \"><div class=\"wpb_wrapper\"><span class=\"text-extra-dark-gray margin-20px-bottom font-weight-600 display-inline-block  pofo_font_1736848903592 heading-style2  vc_custom_1736848903592 pofo-button-responsive-69dbc9df96ac7  heading-5\"  style=\"width: 65%; font-size: 40px; line-height: 45px; font-weight: 300; color: #ffffff;\" data-fontsize=\"40px\" data-lineheight=\"45px\">Nuestros valores<\/span><span class=\"text-extra-dark-gray margin-20px-bottom font-weight-600 display-inline-block heading-style2  vc_custom_1736939686542 pofo-button-responsive-69dbc9df96b03  heading-6\"  style=\"width: 90%; font-size: 20px; line-height: 28px; font-weight: 300; color: #939393;\" data-fontsize=\"20px\" data-lineheight=\"28px\">INNOVA ha construido su identidad y estrategia empresarial sobre valores espec\u00edficos, que requieren el compromiso diario de todos los empleados y colaboradores para alcanzar la misi\u00f3n empresarial y materializar la visi\u00f3n de la organizaci\u00f3n. Estos valores tambi\u00e9n representan la posici\u00f3n de la empresa en el mercado donde opera.<\/span><div class=\"panel-group accordion-style1\" id=\"accordion-1\" ><div class=\"panel text-left\">\n                                        <div class=\"panel-heading active-accordion\">\n                                            <a data-toggle=\"collapse\" data-parent=\"#accordion-1\" href=\"#accordion-one-link-1\">\n                                                <div class=\"panel-title font-weight-500 text-extra-dark-gray\" style=\"font-weight: 500; color: #ffffff;\">\n                                                    INNOVACI\u00d3N, CONFIABILIDAD, EFICACIA<span class=\"pull-right\"><i class=\"ti-minus\"><\/i><\/span>\n                                                <\/div>\n                                            <\/a>\n                                        <\/div>\n                                        <div id=\"accordion-one-link-1\" class=\"panel-collapse collapse in\">\n                                            <div class=\"panel-body  pofo_font_1736939711956\" style=\"font-size: 18px; line-height: 28px;\" data-fontsize=\"18px\" data-lineheight=\"28px\"><p>INNOVA adopta y respeta altos est\u00e1ndares de excelencia para sus productos y servicios. El fuerte impulso hacia la investigaci\u00f3n avanzada y la innovaci\u00f3n tecnol\u00f3gica, unido al desarrollo de productos de vanguardia que combinan la confiabilidad t\u00e9cnica con la facilidad de uso, constituye una motivaci\u00f3n esencial para las decisiones estrat\u00e9gicas y las actividades diarias de la empresa.<\/p>\n<\/div>\n                                        <\/div>\n                                    <\/div><div class=\"panel text-left\">\n                                        <div class=\"panel-heading \">\n                                            <a data-toggle=\"collapse\" data-parent=\"#accordion-1\" href=\"#accordion-one-link-2\">\n                                                <div class=\"panel-title font-weight-500 text-extra-dark-gray\" style=\"font-weight: 500; color: #ffffff;\">\n                                                    COMPETENCIA, INTEGRIDAD, RESPETO<span class=\"pull-right\"><i class=\"ti-plus\"><\/i><\/span>\n                                                <\/div>\n                                            <\/a>\n                                        <\/div>\n                                        <div id=\"accordion-one-link-2\" class=\"panel-collapse collapse \">\n                                            <div class=\"panel-body  pofo_font_1736939711956\" style=\"font-size: 18px; line-height: 28px;\" data-fontsize=\"18px\" data-lineheight=\"28px\"><p>Las personas son el centro de la empresa: son el eje de la innovaci\u00f3n y dise\u00f1o de los productos, adem\u00e1s de garantizar un servicio de calidad. Innova opera con integridad y respeto hacia las personas, invirtiendo en formaci\u00f3n continua y en la valorizaci\u00f3n de habilidades y competencias.<\/p>\n<\/div>\n                                        <\/div>\n                                    <\/div><\/div><\/div><\/div><\/div><\/div><\/div><\/div><\/div><div class=\"wpb_column vc_column_container vc_col-has-fill vc_col-sm-12 vc_col-md-6 vc_col-xs-12 wow fadeIn pofo-column-responsive-69dbc9df96bdb\"><div class=\"vc_column-inner cover-background bg-position-center-center vc_custom_1729755829831\"><div class=\"wpb_wrapper\"><\/div><\/div><\/div><\/section><div class=\"vc_row-full-width vc_clearfix\"><\/div>\n","protected":false},"excerpt":{"rendered":"[vc_single_image image=\"23320\" img_size=\"full\" el_class=\"margin-five-bottom\" css=\".vc_custom_1736264318149{margin-bottom: 20px !important;}\"]INNOVAes una empresa l\u00edder en el dise\u00f1o y la producci\u00f3n de hardware y software, adem\u00e1s de la provisi\u00f3n de tecnolog\u00edas y servicios para apoyar las actividades investigativas de la Magistratura y las Fuerzas y Cuerpos de Seguritad. Al servicio de Instituciones y Entes P\u00fablicos para la protecci\u00f3n y defensa de la comunidad, INNOVA se compromete a garantizar un crecimiento sostenible e inclusivo desarrollando tecnolog\u00edas y servicios de vanguardia, con una atenci\u00f3n constante y prioritaria a los principios de confidencialidad y seguridad de los datos. De esta manera, busca contribuir a la creaci\u00f3n de valor a largo plazo en t\u00e9rminos de capital humano, econ\u00f3mico, social y ambiental.[vc_single_image image=\"22813\" img_size=\"full\" alignment=\"center\" el_class=\"margin-40px-bottom sm-margin-30px-bottom mob-left\" css=\".vc_custom_1729756123760{margin-bottom: 40px !important;}\"]Nuestra misi\u00f3nLa integridad, la innovaci\u00f3n y la valorizaci\u00f3n del capital humano son las bases sobre las que creamos productos y servicios dedicados a la justicia y al trabajo investigativo de las Fuerzas y Cuerpos de Seguridad. A trav\u00e9s de nuestro trabajo, contribuimos a la protecci\u00f3n de la libertad y la seguridad de las personas.[vc_single_image image=\"22821\" img_size=\"full\" alignment=\"center\" el_class=\"no-margin-bottom height-600px position-relative margin-100px-top sm-margin-50px-tb wow fadeInUp sm-height-auto\" css=\".vc_custom_1729756525862{margin-top: 45px !important;margin-bottom: 0px !important;}\"]Nuestra visi\u00f3nNuestro objetivo es crear valor econ\u00f3mico y social a trav\u00e9s...","protected":false},"author":1,"featured_media":0,"parent":0,"menu_order":0,"comment_status":"closed","ping_status":"closed","template":"","meta":{"footnotes":""},"class_list":["post-23973","page","type-page","status-publish","hentry"],"yoast_head":"<!-- This site is optimized with the Yoast SEO plugin v24.3 - https:\/\/yoast.com\/wordpress\/plugins\/seo\/ -->\n<title>Por qu\u00e9 existimos | Innova<\/title>\n<meta name=\"description\" content=\"Innova impulsa la investigaci\u00f3n y la innovaci\u00f3n, desarrollando productos confiables y f\u00e1ciles de usar con un enfoque centrado en las personas.\" \/>\n<meta name=\"robots\" content=\"index, follow, max-snippet:-1, max-image-preview:large, max-video-preview:-1\" \/>\n<link rel=\"canonical\" href=\"https:\/\/www.innovatrieste.it\/es\/por-que-existimos\/\" \/>\n<meta property=\"og:locale\" content=\"es_ES\" \/>\n<meta property=\"og:type\" content=\"article\" \/>\n<meta property=\"og:title\" content=\"Por qu\u00e9 existimos | Innova\" \/>\n<meta property=\"og:description\" content=\"Innova impulsa la investigaci\u00f3n y la innovaci\u00f3n, desarrollando productos confiables y f\u00e1ciles de usar con un enfoque centrado en las personas.\" \/>\n<meta property=\"og:url\" content=\"https:\/\/www.innovatrieste.it\/es\/por-que-existimos\/\" \/>\n<meta property=\"og:site_name\" content=\"Innova\" \/>\n<meta property=\"article:modified_time\" content=\"2025-02-10T15:47:20+00:00\" \/>\n<meta property=\"og:image\" content=\"https:\/\/www.innovatrieste.it\/wp-content\/uploads\/2024\/10\/Slider-WhoWeLookFor.jpg\" \/>\n\t<meta property=\"og:image:width\" content=\"1920\" \/>\n\t<meta property=\"og:image:height\" content=\"1100\" \/>\n\t<meta property=\"og:image:type\" content=\"image\/jpeg\" \/>\n<meta name=\"twitter:card\" content=\"summary_large_image\" \/>\n<meta name=\"twitter:label1\" content=\"Tiempo de lectura\" \/>\n\t<meta name=\"twitter:data1\" content=\"4 minutos\" \/>\n<script type=\"application\/ld+json\" class=\"yoast-schema-graph\">{\"@context\":\"https:\/\/schema.org\",\"@graph\":[{\"@type\":\"WebPage\",\"@id\":\"https:\/\/www.innovatrieste.it\/es\/por-que-existimos\/\",\"url\":\"https:\/\/www.innovatrieste.it\/es\/por-que-existimos\/\",\"name\":\"Por qu\u00e9 existimos | Innova\",\"isPartOf\":{\"@id\":\"https:\/\/www.innovatrieste.it\/es\/#website\"},\"datePublished\":\"2025-01-13T10:50:40+00:00\",\"dateModified\":\"2025-02-10T15:47:20+00:00\",\"description\":\"Innova impulsa la investigaci\u00f3n y la innovaci\u00f3n, desarrollando productos confiables y f\u00e1ciles de usar con un enfoque centrado en las personas.\",\"breadcrumb\":{\"@id\":\"https:\/\/www.innovatrieste.it\/es\/por-que-existimos\/#breadcrumb\"},\"inLanguage\":\"es\",\"potentialAction\":[{\"@type\":\"ReadAction\",\"target\":[\"https:\/\/www.innovatrieste.it\/es\/por-que-existimos\/\"]}]},{\"@type\":\"BreadcrumbList\",\"@id\":\"https:\/\/www.innovatrieste.it\/es\/por-que-existimos\/#breadcrumb\",\"itemListElement\":[{\"@type\":\"ListItem\",\"position\":1,\"name\":\"Home\",\"item\":\"https:\/\/www.innovatrieste.it\/es\/\"},{\"@type\":\"ListItem\",\"position\":2,\"name\":\"Por qu\u00e9 existimos\"}]},{\"@type\":\"WebSite\",\"@id\":\"https:\/\/www.innovatrieste.it\/es\/#website\",\"url\":\"https:\/\/www.innovatrieste.it\/es\/\",\"name\":\"INNOVA\",\"description\":\"We turn investigation into success\",\"publisher\":{\"@id\":\"https:\/\/www.innovatrieste.it\/es\/#organization\"},\"alternateName\":\"Innova Trieste\",\"potentialAction\":[{\"@type\":\"SearchAction\",\"target\":{\"@type\":\"EntryPoint\",\"urlTemplate\":\"https:\/\/www.innovatrieste.it\/es\/?s={search_term_string}\"},\"query-input\":{\"@type\":\"PropertyValueSpecification\",\"valueRequired\":true,\"valueName\":\"search_term_string\"}}],\"inLanguage\":\"es\"},{\"@type\":\"Organization\",\"@id\":\"https:\/\/www.innovatrieste.it\/es\/#organization\",\"name\":\"Innova S.p.A.\",\"alternateName\":\"Innova\",\"url\":\"https:\/\/www.innovatrieste.it\/es\/\",\"logo\":{\"@type\":\"ImageObject\",\"inLanguage\":\"es\",\"@id\":\"https:\/\/www.innovatrieste.it\/es\/#\/schema\/logo\/image\/\",\"url\":\"https:\/\/www.innovatrieste.it\/wp-content\/uploads\/2025\/01\/GetAttachmentThumbnail.png\",\"contentUrl\":\"https:\/\/www.innovatrieste.it\/wp-content\/uploads\/2025\/01\/GetAttachmentThumbnail.png\",\"width\":205,\"height\":28,\"caption\":\"Innova S.p.A.\"},\"image\":{\"@id\":\"https:\/\/www.innovatrieste.it\/es\/#\/schema\/logo\/image\/\"}}]}<\/script>\n<!-- \/ Yoast SEO plugin. -->","yoast_head_json":{"title":"Por qu\u00e9 existimos | Innova","description":"Innova impulsa la investigaci\u00f3n y la innovaci\u00f3n, desarrollando productos confiables y f\u00e1ciles de usar con un enfoque centrado en las personas.","robots":{"index":"index","follow":"follow","max-snippet":"max-snippet:-1","max-image-preview":"max-image-preview:large","max-video-preview":"max-video-preview:-1"},"canonical":"https:\/\/www.innovatrieste.it\/es\/por-que-existimos\/","og_locale":"es_ES","og_type":"article","og_title":"Por qu\u00e9 existimos | Innova","og_description":"Innova impulsa la investigaci\u00f3n y la innovaci\u00f3n, desarrollando productos confiables y f\u00e1ciles de usar con un enfoque centrado en las personas.","og_url":"https:\/\/www.innovatrieste.it\/es\/por-que-existimos\/","og_site_name":"Innova","article_modified_time":"2025-02-10T15:47:20+00:00","og_image":[{"width":1920,"height":1100,"url":"https:\/\/www.innovatrieste.it\/wp-content\/uploads\/2024\/10\/Slider-WhoWeLookFor.jpg","type":"image\/jpeg"}],"twitter_card":"summary_large_image","twitter_misc":{"Tiempo de lectura":"4 minutos"},"schema":{"@context":"https:\/\/schema.org","@graph":[{"@type":"WebPage","@id":"https:\/\/www.innovatrieste.it\/es\/por-que-existimos\/","url":"https:\/\/www.innovatrieste.it\/es\/por-que-existimos\/","name":"Por qu\u00e9 existimos | Innova","isPartOf":{"@id":"https:\/\/www.innovatrieste.it\/es\/#website"},"datePublished":"2025-01-13T10:50:40+00:00","dateModified":"2025-02-10T15:47:20+00:00","description":"Innova impulsa la investigaci\u00f3n y la innovaci\u00f3n, desarrollando productos confiables y f\u00e1ciles de usar con un enfoque centrado en las personas.","breadcrumb":{"@id":"https:\/\/www.innovatrieste.it\/es\/por-que-existimos\/#breadcrumb"},"inLanguage":"es","potentialAction":[{"@type":"ReadAction","target":["https:\/\/www.innovatrieste.it\/es\/por-que-existimos\/"]}]},{"@type":"BreadcrumbList","@id":"https:\/\/www.innovatrieste.it\/es\/por-que-existimos\/#breadcrumb","itemListElement":[{"@type":"ListItem","position":1,"name":"Home","item":"https:\/\/www.innovatrieste.it\/es\/"},{"@type":"ListItem","position":2,"name":"Por qu\u00e9 existimos"}]},{"@type":"WebSite","@id":"https:\/\/www.innovatrieste.it\/es\/#website","url":"https:\/\/www.innovatrieste.it\/es\/","name":"INNOVA","description":"We turn investigation into success","publisher":{"@id":"https:\/\/www.innovatrieste.it\/es\/#organization"},"alternateName":"Innova Trieste","potentialAction":[{"@type":"SearchAction","target":{"@type":"EntryPoint","urlTemplate":"https:\/\/www.innovatrieste.it\/es\/?s={search_term_string}"},"query-input":{"@type":"PropertyValueSpecification","valueRequired":true,"valueName":"search_term_string"}}],"inLanguage":"es"},{"@type":"Organization","@id":"https:\/\/www.innovatrieste.it\/es\/#organization","name":"Innova S.p.A.","alternateName":"Innova","url":"https:\/\/www.innovatrieste.it\/es\/","logo":{"@type":"ImageObject","inLanguage":"es","@id":"https:\/\/www.innovatrieste.it\/es\/#\/schema\/logo\/image\/","url":"https:\/\/www.innovatrieste.it\/wp-content\/uploads\/2025\/01\/GetAttachmentThumbnail.png","contentUrl":"https:\/\/www.innovatrieste.it\/wp-content\/uploads\/2025\/01\/GetAttachmentThumbnail.png","width":205,"height":28,"caption":"Innova S.p.A."},"image":{"@id":"https:\/\/www.innovatrieste.it\/es\/#\/schema\/logo\/image\/"}}]}},"_links":{"self":[{"href":"https:\/\/www.innovatrieste.it\/es\/wp-json\/wp\/v2\/pages\/23973","targetHints":{"allow":["GET"]}}],"collection":[{"href":"https:\/\/www.innovatrieste.it\/es\/wp-json\/wp\/v2\/pages"}],"about":[{"href":"https:\/\/www.innovatrieste.it\/es\/wp-json\/wp\/v2\/types\/page"}],"author":[{"embeddable":true,"href":"https:\/\/www.innovatrieste.it\/es\/wp-json\/wp\/v2\/users\/1"}],"replies":[{"embeddable":true,"href":"https:\/\/www.innovatrieste.it\/es\/wp-json\/wp\/v2\/comments?post=23973"}],"version-history":[{"count":10,"href":"https:\/\/www.innovatrieste.it\/es\/wp-json\/wp\/v2\/pages\/23973\/revisions"}],"predecessor-version":[{"id":24452,"href":"https:\/\/www.innovatrieste.it\/es\/wp-json\/wp\/v2\/pages\/23973\/revisions\/24452"}],"wp:attachment":[{"href":"https:\/\/www.innovatrieste.it\/es\/wp-json\/wp\/v2\/media?parent=23973"}],"curies":[{"name":"wp","href":"https:\/\/api.w.org\/{rel}","templated":true}]}}