{"id":23975,"date":"2025-01-13T11:22:07","date_gmt":"2025-01-13T11:22:07","guid":{"rendered":"https:\/\/www.innovatrieste.it\/?page_id=23975"},"modified":"2025-01-27T07:54:53","modified_gmt":"2025-01-27T07:54:53","slug":"job-openings","status":"publish","type":"page","link":"https:\/\/www.innovatrieste.it\/es\/job-openings\/","title":{"rendered":"Qui\u00e9nes somos y a qui\u00e9n buscamos"},"content":{"rendered":"<section data-vc-full-width=\"true\" data-vc-full-width-init=\"false\" class=\"vc_row wpb_row vc_row-fluid big-section vc_custom_1733236894010 wow fadeIn vc_row-has-fill pofo-stretch-content pofo-stretch-row-container vc_row-o-equal-height vc_row-o-content-middle vc_row-flex\"><div class=\"wpb_column vc_column_container vc_col-md-2 col-xs-mobile-fullwidth\"><div class=\"vc_column-inner \"><div class=\"wpb_wrapper\"><div class=\"sm-display-none separator-line-horrizontal-full bg-extra-light-gray center-col pofo-separator\" style=\"background-color:#298fc2;\"><\/div><\/div><\/div><\/div><div class=\"wpb_column vc_column_container vc_col-md-offset-2 vc_col-md-8 col-xs-mobile-fullwidth\"><div class=\"vc_column-inner vc_custom_1733236820308\" style=\"min-height: 400px;\"><div class=\"wpb_wrapper\">[vc_single_image image=\u00bb23320&#8243; img_size=\u00bbfull\u00bb el_class=\u00bbmargin-five-bottom\u00bb css=\u00bb.vc_custom_1736264326819{margin-bottom: 20px !important;}\u00bb]<h3 class=\"text-extra-dark-gray margin-20px-bottom font-weight-600 display-inline-block alt-font heading-style2  vc_custom_1736939902896 pofo-button-responsive-69dbc9f51bff8  heading-1\"  style=\"font-weight: 500; color: #ffffff;\">Las mentes brillantes, curiosas y j\u00f3venes son nuestro recurso m\u00e1s valioso y la raz\u00f3n de nuestro orgullo diario<\/h3><span class=\"text-extra-large margin-25px-bottom display-block alt-font heading-style3  vc_custom_1736849591795 pofo-button-responsive-69dbc9f51c035  heading-2\"  style=\"width: 85%; font-size: 18px; line-height: 26px; font-weight: 300;\" data-fontsize=\"18px\" data-lineheight=\"26px\">As\u00ed que... profundicemos en los detalles. A pesar de toda esta discreci\u00f3n, tambi\u00e9n somos una empresa agradable para trabajar.<\/span><\/div><\/div><\/div><\/section><div class=\"vc_row-full-width vc_clearfix\"><\/div><section data-vc-full-width=\"true\" data-vc-full-width-init=\"false\" class=\"vc_row wpb_row vc_row-fluid  vc_custom_1737637648033 vc_row-has-fill pofo-stretch-content pofo-stretch-row-container pofo-row-responsive-69dbc9f51c076\"><div class=\"wpb_column vc_column_container  col-xs-mobile-fullwidth\"><div class=\"vc_column-inner \"><div class=\"wpb_wrapper\"><span class=\"text-extra-dark-gray margin-20px-bottom font-weight-600 display-block alt-font  pofo_font_1733908621929 heading-style2  vc_custom_1733908621929  heading-3\"  style=\"font-size: 20px; line-height: 26px; font-weight: 600; color: #298fc2;\" data-fontsize=\"20px\" data-lineheight=\"26px\">JOBS<\/span><span class=\"text-extra-dark-gray margin-20px-bottom font-weight-600 display-block alt-font  pofo_font_1736849611568 heading-style2  vc_custom_1736849611568  heading-4\"  style=\"font-size: 42px; line-height: 50px; font-weight: 600; color: #ffffff;\" data-fontsize=\"42px\" data-lineheight=\"50px\">Trabaja con nosotros<\/span><div class=\"last-paragraph-no-margin\">\t<div class=\"awsm-job-wrap\">\n\n\t\t<div class=\"awsm-filter-wrap awsm-no-search-filter-wrap\"><form action=\"https:\/\/www.innovatrieste.it\/wp-admin\/admin-ajax.php\" method=\"POST\"><a href=\"#\" class=\"awsm-filter-toggle\" role=\"button\" aria-pressed=\"false\"><span class=\"awsm-filter-toggle-text-wrapper\">Filtrar por<\/span><svg width=\"100\" height=\"100\" viewBox=\"0 0 100 100\" xmlns=\"http:\/\/www.w3.org\/2000\/svg\" version=\"1.1\" preserveAspectRatio=\"xMinYMin\"><path xmlns=\"http:\/\/www.w3.org\/2000\/svg\" fill=\"rgb(9.803922%,9.803922%,9.803922%)\" d=\"M 36.417969 19.9375 L 36.417969 17.265625 C 36.417969 16.160156 35.523438 15.265625 34.417969 15.265625 L 21.578125 15.265625 C 20.476562 15.265625 19.578125 16.160156 19.578125 17.265625 L 19.578125 19.9375 L 11 19.9375 L 11 26.9375 L 19.578125 26.9375 L 19.578125 30.105469 C 19.578125 31.210938 20.476562 32.105469 21.578125 32.105469 L 34.417969 32.105469 C 35.523438 32.105469 36.417969 31.210938 36.417969 30.105469 L 36.417969 26.9375 L 89 26.9375 L 89 19.9375 Z M 58.421875 43.578125 C 58.421875 42.476562 57.527344 41.578125 56.421875 41.578125 L 43.582031 41.578125 C 42.480469 41.578125 41.582031 42.476562 41.582031 43.578125 L 41.582031 46.5 L 11 46.5 L 11 53.5 L 41.582031 53.5 L 41.582031 56.421875 C 41.582031 57.527344 42.480469 58.421875 43.582031 58.421875 L 56.421875 58.421875 C 57.527344 58.421875 58.421875 57.527344 58.421875 56.421875 L 58.421875 53.5 L 89 53.5 L 89 46.5 L 58.421875 46.5 Z M 80.417969 70.140625 C 80.417969 69.035156 79.523438 68.140625 78.417969 68.140625 L 65.578125 68.140625 C 64.476562 68.140625 63.578125 69.035156 63.578125 70.140625 L 63.578125 73.0625 L 11 73.0625 L 11 80.0625 L 63.578125 80.0625 L 63.578125 82.984375 C 63.578125 84.085938 64.476562 84.984375 65.578125 84.984375 L 78.417969 84.984375 C 79.523438 84.984375 80.417969 84.085938 80.417969 82.984375 L 80.417969 80.0625 L 89 80.0625 L 89 73.0625 L 80.417969 73.0625 Z M 80.417969 70.140625\"\/><\/svg><\/a><div class=\"awsm-filter-items\"><div class=\"awsm-filter-item\" data-filter=\"all__positions_spec\"><label for=\"awsm-all-positions-filter-option-1\" class=\"awsm-sr-only\">Todos Positions<\/label><select name=\"awsm_job_spec[all-positions]\" class=\"awsm-filter-option awsm-all-positions-filter-option\" id=\"awsm-all-positions-filter-option-1\" aria-label=\"Todos Positions\"><option value=\"\">Todos Positions<\/option><option value=\"110\" data-slug=\"engineering\">Engineering<\/option><option value=\"112\" data-slug=\"technicians\">Technicians<\/option><\/select><\/div><\/div><input type=\"hidden\" name=\"lang\" value=\"es\"><input type=\"hidden\" name=\"awsm_pagination_base\" value=\"https:\/\/www.innovatrieste.it\/es\/wp-json\/wp\/v2\/pages\/23975\/\"><input type=\"hidden\" name=\"paged\" value=\"1\"><input type=\"hidden\" name=\"action\" value=\"jobfilter\"><\/form><\/div>\n\t\t<div class=\"awsm-job-listings awsm-row awsm-grid-col-3\" data-listings=\"20\" data-lang=\"es\">\n\t\t\t<div class=\"awsm-job-listing-item awsm-grid-item\" id=\"awsm-grid-item-24004\">\t\t<a href=\"https:\/\/www.innovatrieste.it\/es\/jobs\/candidatura-abierta\/\" class=\"awsm-job-item\">\t\t\t<div class=\"awsm-grid-left-col\">\n\t\t\t\t\n\t\t\t\t<div class=\"awsm-job-featured-image\"><img loading=\"lazy\" decoding=\"async\" width=\"150\" height=\"150\" src=\"https:\/\/www.innovatrieste.it\/wp-content\/uploads\/2024\/12\/200x200-Candidatura-1-150x150.png\" class=\"attachment-thumbnail size-thumbnail\" alt=\"200x200-Candidatura\" srcset=\"https:\/\/www.innovatrieste.it\/wp-content\/uploads\/2024\/12\/200x200-Candidatura-1-150x150.png 150w, https:\/\/www.innovatrieste.it\/wp-content\/uploads\/2024\/12\/200x200-Candidatura-1-120x120.png 120w, https:\/\/www.innovatrieste.it\/wp-content\/uploads\/2024\/12\/200x200-Candidatura-1-81x81.png 81w, https:\/\/www.innovatrieste.it\/wp-content\/uploads\/2024\/12\/200x200-Candidatura-1.png 200w\" sizes=\"auto, (max-width: 150px) 100vw, 150px\" \/><\/div>\n\t\t\t\t<h2 class=\"awsm-job-post-title\">\n\t\t\t\t\tCandidatura Abierta\t\t\t\t<\/h2>\n\n\t\t\t\t\t\t\t<\/div>\n\n\t\t\t<div class=\"awsm-grid-right-col\">\n\t\t\t\t<div class=\"awsm-job-more-container\"><span class=\"awsm-job-more\">M\u00e1s detalles <span><\/span><\/span><\/div>\t\t\t<\/div>\n\t\t<\/a>\t<\/div>\t\t<\/div>\n\n\t<\/div>\n\t\n<\/div><\/div><\/div><\/div><\/section><div class=\"vc_row-full-width vc_clearfix\"><\/div><section data-vc-full-width=\"true\" data-vc-full-width-init=\"false\" class=\"vc_row wpb_row vc_row-fluid  vc_custom_1729175824270 cover-background vc_row-has-fill pofo-stretch-content pofo-stretch-row-container vc_row-o-equal-height vc_row-o-content-middle vc_row-flex\"><div class=\"wpb_column vc_column_container vc_col-sm-8  col-xs-mobile-fullwidth text-left sm-text-center xs-text-center pofo-column-responsive-69dbc9f51e6c3\"><div class=\"vc_column-inner \"><div class=\"wpb_wrapper\"><span class=\"text-extra-dark-gray margin-20px-bottom font-weight-600 display-block alt-font  pofo_font_1736861284615 heading-style2  heading-5\"  style=\"font-size: 36px; line-height: 44px; font-weight: 600; color: #ffffff;\" data-fontsize=\"36px\" data-lineheight=\"44px\">\u00bfNo encontraste el puesto que buscabas?<\/span><div class=\"last-paragraph-no-margin\" style=\"color: #ffffff;\"><p style=\"font-size: 18px;\">No te preocupes, \u00a1env\u00eda tus datos ahora y te contactaremos si se abre la posici\u00f3n perfecta para ti!<\/p>\n<\/div><\/div><\/div><\/div><div class=\"wpb_column vc_column_container vc_col-sm-4  col-xs-mobile-fullwidth text-center md-text-center sm-text-center xs-text-center\"><div class=\"vc_column-inner \"><div class=\"wpb_wrapper\"><a  href=\"https:\/\/www.innovatrieste.it\/es\/jobs\/candidatura-abierta\/\" target=\"_self\" class=\"btn pofo-button-1 button-style2  btn-white  btn-large  vc_custom_1737017158948 pofo-button-responsive-69dbc9f51e920\"  style=\"color:#000000; \">ENVIAR AHORA<\/a><\/div><\/div><\/div><\/section><div class=\"vc_row-full-width vc_clearfix\"><\/div>\n","protected":false},"excerpt":{"rendered":"\u2190 JOBSEnv\u00eda tu candidatura\u00bfNo encontraste el puesto que buscabas? No te preocupes, \u00a1env\u00eda tus datos ahora y te contactaremos si se abre la posici\u00f3n perfecta para ti!","protected":false},"author":1,"featured_media":0,"parent":0,"menu_order":0,"comment_status":"closed","ping_status":"closed","template":"","meta":{"footnotes":""},"class_list":["post-23975","page","type-page","status-publish","hentry"],"yoast_head":"<!-- This site is optimized with the Yoast SEO plugin v24.3 - https:\/\/yoast.com\/wordpress\/plugins\/seo\/ -->\n<title>Qui\u00e9nes somos y a qui\u00e9n buscamos | Innova<\/title>\n<meta name=\"description\" content=\"\u00danete a Innova y trabaja en soluciones tecnol\u00f3gicas innovadoras. Env\u00edanos tu candidatura para formar parte de un equipo apasionado y din\u00e1mico.\" \/>\n<meta name=\"robots\" content=\"index, follow, max-snippet:-1, max-image-preview:large, max-video-preview:-1\" \/>\n<link rel=\"canonical\" href=\"https:\/\/www.innovatrieste.it\/es\/job-openings\/\" \/>\n<meta property=\"og:locale\" content=\"es_ES\" \/>\n<meta property=\"og:type\" content=\"article\" \/>\n<meta property=\"og:title\" content=\"Qui\u00e9nes somos y a qui\u00e9n buscamos | Innova\" \/>\n<meta property=\"og:description\" content=\"\u00danete a Innova y trabaja en soluciones tecnol\u00f3gicas innovadoras. Env\u00edanos tu candidatura para formar parte de un equipo apasionado y din\u00e1mico.\" \/>\n<meta property=\"og:url\" content=\"https:\/\/www.innovatrieste.it\/es\/job-openings\/\" \/>\n<meta property=\"og:site_name\" content=\"Innova\" \/>\n<meta property=\"article:modified_time\" content=\"2025-01-27T07:54:53+00:00\" \/>\n<meta property=\"og:image\" content=\"https:\/\/www.innovatrieste.it\/wp-content\/uploads\/2024\/10\/Slider-WhoWeLookFor.jpg\" \/>\n\t<meta property=\"og:image:width\" content=\"1920\" \/>\n\t<meta property=\"og:image:height\" content=\"1100\" \/>\n\t<meta property=\"og:image:type\" content=\"image\/jpeg\" \/>\n<meta name=\"twitter:card\" content=\"summary_large_image\" \/>\n<meta name=\"twitter:label1\" content=\"Tiempo de lectura\" \/>\n\t<meta name=\"twitter:data1\" content=\"2 minutos\" \/>\n<script type=\"application\/ld+json\" class=\"yoast-schema-graph\">{\"@context\":\"https:\/\/schema.org\",\"@graph\":[{\"@type\":\"WebPage\",\"@id\":\"https:\/\/www.innovatrieste.it\/es\/job-openings\/\",\"url\":\"https:\/\/www.innovatrieste.it\/es\/job-openings\/\",\"name\":\"Qui\u00e9nes somos y a qui\u00e9n buscamos | Innova\",\"isPartOf\":{\"@id\":\"https:\/\/www.innovatrieste.it\/es\/#website\"},\"datePublished\":\"2025-01-13T11:22:07+00:00\",\"dateModified\":\"2025-01-27T07:54:53+00:00\",\"description\":\"\u00danete a Innova y trabaja en soluciones tecnol\u00f3gicas innovadoras. Env\u00edanos tu candidatura para formar parte de un equipo apasionado y din\u00e1mico.\",\"breadcrumb\":{\"@id\":\"https:\/\/www.innovatrieste.it\/es\/job-openings\/#breadcrumb\"},\"inLanguage\":\"es\",\"potentialAction\":[{\"@type\":\"ReadAction\",\"target\":[\"https:\/\/www.innovatrieste.it\/es\/job-openings\/\"]}]},{\"@type\":\"BreadcrumbList\",\"@id\":\"https:\/\/www.innovatrieste.it\/es\/job-openings\/#breadcrumb\",\"itemListElement\":[{\"@type\":\"ListItem\",\"position\":1,\"name\":\"Home\",\"item\":\"https:\/\/www.innovatrieste.it\/es\/\"},{\"@type\":\"ListItem\",\"position\":2,\"name\":\"Qui\u00e9nes somos y a qui\u00e9n buscamos\"}]},{\"@type\":\"WebSite\",\"@id\":\"https:\/\/www.innovatrieste.it\/es\/#website\",\"url\":\"https:\/\/www.innovatrieste.it\/es\/\",\"name\":\"INNOVA\",\"description\":\"We turn investigation into success\",\"publisher\":{\"@id\":\"https:\/\/www.innovatrieste.it\/es\/#organization\"},\"alternateName\":\"Innova Trieste\",\"potentialAction\":[{\"@type\":\"SearchAction\",\"target\":{\"@type\":\"EntryPoint\",\"urlTemplate\":\"https:\/\/www.innovatrieste.it\/es\/?s={search_term_string}\"},\"query-input\":{\"@type\":\"PropertyValueSpecification\",\"valueRequired\":true,\"valueName\":\"search_term_string\"}}],\"inLanguage\":\"es\"},{\"@type\":\"Organization\",\"@id\":\"https:\/\/www.innovatrieste.it\/es\/#organization\",\"name\":\"Innova S.p.A.\",\"alternateName\":\"Innova\",\"url\":\"https:\/\/www.innovatrieste.it\/es\/\",\"logo\":{\"@type\":\"ImageObject\",\"inLanguage\":\"es\",\"@id\":\"https:\/\/www.innovatrieste.it\/es\/#\/schema\/logo\/image\/\",\"url\":\"https:\/\/www.innovatrieste.it\/wp-content\/uploads\/2025\/01\/GetAttachmentThumbnail.png\",\"contentUrl\":\"https:\/\/www.innovatrieste.it\/wp-content\/uploads\/2025\/01\/GetAttachmentThumbnail.png\",\"width\":205,\"height\":28,\"caption\":\"Innova S.p.A.\"},\"image\":{\"@id\":\"https:\/\/www.innovatrieste.it\/es\/#\/schema\/logo\/image\/\"}}]}<\/script>\n<!-- \/ Yoast SEO plugin. -->","yoast_head_json":{"title":"Qui\u00e9nes somos y a qui\u00e9n buscamos | Innova","description":"\u00danete a Innova y trabaja en soluciones tecnol\u00f3gicas innovadoras. Env\u00edanos tu candidatura para formar parte de un equipo apasionado y din\u00e1mico.","robots":{"index":"index","follow":"follow","max-snippet":"max-snippet:-1","max-image-preview":"max-image-preview:large","max-video-preview":"max-video-preview:-1"},"canonical":"https:\/\/www.innovatrieste.it\/es\/job-openings\/","og_locale":"es_ES","og_type":"article","og_title":"Qui\u00e9nes somos y a qui\u00e9n buscamos | Innova","og_description":"\u00danete a Innova y trabaja en soluciones tecnol\u00f3gicas innovadoras. Env\u00edanos tu candidatura para formar parte de un equipo apasionado y din\u00e1mico.","og_url":"https:\/\/www.innovatrieste.it\/es\/job-openings\/","og_site_name":"Innova","article_modified_time":"2025-01-27T07:54:53+00:00","og_image":[{"width":1920,"height":1100,"url":"https:\/\/www.innovatrieste.it\/wp-content\/uploads\/2024\/10\/Slider-WhoWeLookFor.jpg","type":"image\/jpeg"}],"twitter_card":"summary_large_image","twitter_misc":{"Tiempo de lectura":"2 minutos"},"schema":{"@context":"https:\/\/schema.org","@graph":[{"@type":"WebPage","@id":"https:\/\/www.innovatrieste.it\/es\/job-openings\/","url":"https:\/\/www.innovatrieste.it\/es\/job-openings\/","name":"Qui\u00e9nes somos y a qui\u00e9n buscamos | Innova","isPartOf":{"@id":"https:\/\/www.innovatrieste.it\/es\/#website"},"datePublished":"2025-01-13T11:22:07+00:00","dateModified":"2025-01-27T07:54:53+00:00","description":"\u00danete a Innova y trabaja en soluciones tecnol\u00f3gicas innovadoras. Env\u00edanos tu candidatura para formar parte de un equipo apasionado y din\u00e1mico.","breadcrumb":{"@id":"https:\/\/www.innovatrieste.it\/es\/job-openings\/#breadcrumb"},"inLanguage":"es","potentialAction":[{"@type":"ReadAction","target":["https:\/\/www.innovatrieste.it\/es\/job-openings\/"]}]},{"@type":"BreadcrumbList","@id":"https:\/\/www.innovatrieste.it\/es\/job-openings\/#breadcrumb","itemListElement":[{"@type":"ListItem","position":1,"name":"Home","item":"https:\/\/www.innovatrieste.it\/es\/"},{"@type":"ListItem","position":2,"name":"Qui\u00e9nes somos y a qui\u00e9n buscamos"}]},{"@type":"WebSite","@id":"https:\/\/www.innovatrieste.it\/es\/#website","url":"https:\/\/www.innovatrieste.it\/es\/","name":"INNOVA","description":"We turn investigation into success","publisher":{"@id":"https:\/\/www.innovatrieste.it\/es\/#organization"},"alternateName":"Innova Trieste","potentialAction":[{"@type":"SearchAction","target":{"@type":"EntryPoint","urlTemplate":"https:\/\/www.innovatrieste.it\/es\/?s={search_term_string}"},"query-input":{"@type":"PropertyValueSpecification","valueRequired":true,"valueName":"search_term_string"}}],"inLanguage":"es"},{"@type":"Organization","@id":"https:\/\/www.innovatrieste.it\/es\/#organization","name":"Innova S.p.A.","alternateName":"Innova","url":"https:\/\/www.innovatrieste.it\/es\/","logo":{"@type":"ImageObject","inLanguage":"es","@id":"https:\/\/www.innovatrieste.it\/es\/#\/schema\/logo\/image\/","url":"https:\/\/www.innovatrieste.it\/wp-content\/uploads\/2025\/01\/GetAttachmentThumbnail.png","contentUrl":"https:\/\/www.innovatrieste.it\/wp-content\/uploads\/2025\/01\/GetAttachmentThumbnail.png","width":205,"height":28,"caption":"Innova S.p.A."},"image":{"@id":"https:\/\/www.innovatrieste.it\/es\/#\/schema\/logo\/image\/"}}]}},"_links":{"self":[{"href":"https:\/\/www.innovatrieste.it\/es\/wp-json\/wp\/v2\/pages\/23975","targetHints":{"allow":["GET"]}}],"collection":[{"href":"https:\/\/www.innovatrieste.it\/es\/wp-json\/wp\/v2\/pages"}],"about":[{"href":"https:\/\/www.innovatrieste.it\/es\/wp-json\/wp\/v2\/types\/page"}],"author":[{"embeddable":true,"href":"https:\/\/www.innovatrieste.it\/es\/wp-json\/wp\/v2\/users\/1"}],"replies":[{"embeddable":true,"href":"https:\/\/www.innovatrieste.it\/es\/wp-json\/wp\/v2\/comments?post=23975"}],"version-history":[{"count":11,"href":"https:\/\/www.innovatrieste.it\/es\/wp-json\/wp\/v2\/pages\/23975\/revisions"}],"predecessor-version":[{"id":24122,"href":"https:\/\/www.innovatrieste.it\/es\/wp-json\/wp\/v2\/pages\/23975\/revisions\/24122"}],"wp:attachment":[{"href":"https:\/\/www.innovatrieste.it\/es\/wp-json\/wp\/v2\/media?parent=23975"}],"curies":[{"name":"wp","href":"https:\/\/api.w.org\/{rel}","templated":true}]}}