{"id":23979,"date":"2025-01-13T10:56:30","date_gmt":"2025-01-13T10:56:30","guid":{"rendered":"https:\/\/www.innovatrieste.it\/?page_id=23979"},"modified":"2025-02-10T15:31:56","modified_gmt":"2025-02-10T15:31:56","slug":"que-hacemos","status":"publish","type":"page","link":"https:\/\/www.innovatrieste.it\/es\/que-hacemos\/","title":{"rendered":"Qu\u00e9 hacemos"},"content":{"rendered":"<section data-vc-full-width=\"true\" data-vc-full-width-init=\"false\" class=\"vc_row wpb_row vc_row-fluid big-section vc_custom_1729699064476 wow none vc_row-has-fill pofo-stretch-content pofo-stretch-row-container vc_row-o-equal-height vc_row-o-content-middle vc_row-flex\"><div class=\"wpb_column vc_column_container vc_col-md-2 col-xs-mobile-fullwidth\"><div class=\"vc_column-inner \"><div class=\"wpb_wrapper\"><div class=\"sm-display-none separator-line-horrizontal-full bg-extra-light-gray center-col pofo-separator\" style=\"background-color:#298fc2;\"><\/div><\/div><\/div><\/div><div class=\"wpb_column vc_column_container vc_col-md-offset-2 vc_col-md-8 col-xs-mobile-fullwidth\"><div class=\"vc_column-inner vc_custom_1507701469315\" style=\"min-height: 400px;\"><div class=\"wpb_wrapper\">[vc_single_image image=\u00bb23320&#8243; img_size=\u00bbfull\u00bb el_class=\u00bbmargin-five-bottom\u00bb css=\u00bb.vc_custom_1736264334454{margin-bottom: 20px !important;}\u00bb]<h3 class=\"text-extra-dark-gray margin-20px-bottom font-weight-600 display-inline-block alt-font heading-style2  vc_custom_1736849191514 pofo-button-responsive-69dbc9f51bfe3  heading-1\"  style=\"font-weight: 500; color: #ffffff;\">Innovar con precisi\u00f3n y objetivos claros, ofreciendo soluciones que hacen que cada misi\u00f3n sea un \u00e9xito<\/h3><span class=\"text-extra-large margin-25px-bottom display-block alt-font heading-style3  vc_custom_1737017273583 pofo-button-responsive-69dbc9f51c035  heading-2\"  style=\"width: 85%; font-size: 18px; line-height: 26px; font-weight: 300;\" data-fontsize=\"18px\" data-lineheight=\"26px\">En INNOVA, nos especializamos en la creaci\u00f3n de tecnolog\u00edas a medida e innovadoras que apoyan a las Fuerzas y Cuerpos de Seguridad, las Agencias de Inteligencia y las Entidades Gubernamentales en todo el mundo. Cada soluci\u00f3n que dise\u00f1amos est\u00e1 pensada para satisfacer las necesidades de contextos operativos complejos y \u00fanicos, ofreciendo la confiabilidad, discreci\u00f3n y precisi\u00f3n necesarias para el \u00e9xito de las misiones de nuestros clientes.<\/span><\/div><\/div><\/div><\/section><div class=\"vc_row-full-width vc_clearfix\"><\/div><section data-vc-full-width=\"true\" data-vc-full-width-init=\"false\" data-parallax-background-ratio=\"0.5\" class=\"vc_row wpb_row vc_row-fluid  vc_custom_1734011284795 wow fadeIn vc_row-has-fill pofo-stretch-content pofo-stretch-row-container parallax pofo-row-responsive-69dbc9f51c082\" style=\"min-height: 900px;\"><div class=\"wpb_column vc_column_container vc_col-sm-12  col-xs-mobile-fullwidth\"><div class=\"vc_column-inner \"><div class=\"wpb_wrapper\"><\/div><\/div><\/div><\/section><div class=\"vc_row-full-width vc_clearfix\"><\/div><section class=\"vc_row wpb_row vc_row-fluid  vc_custom_1507636023841 wow fadeIn pofo-row-responsive-69dbc9f51c120\"><div class=\"wpb_column vc_column_container vc_col-sm-12 vc_col-md-5 vc_col-xs-12 wow fadeInUp pofo-column-responsive-69dbc9f51c174\"><div class=\"vc_column-inner \"><div class=\"wpb_wrapper\"><span class=\"text-extra-dark-gray margin-20px-bottom font-weight-600 display-inline-block  pofo_font_1736849212939 heading-style2  heading-3\"  style=\"font-size: 32px; line-height: 38px; font-weight: 600;\" data-fontsize=\"32px\" data-lineheight=\"38px\">La confiabilidad es el pilar de todo lo que hacemos.<\/span><div class=\"text-medium line-height-28 last-paragraph-no-margin\"><p>Desde el concepto inicial hasta la implementaci\u00f3n final, garantizamos que cada producto sea sometido a rigurosas pruebas para asegurar un funcionamiento impecable en situaciones cr\u00edticas. Ofrecemos soluciones electr\u00f3nicas avanzadas y herramientas investigativas personalizadas que permiten operar sin errores, incluso en las condiciones m\u00e1s desafiantes.<\/p>\n<\/div><\/div><\/div><\/div><div class=\"wpb_column vc_column_container vc_col-sm-12 vc_col-md-offset-2 vc_col-md-5 vc_col-xs-12 wow fadeInUp pofo-column-responsive-69dbc9f51c240\" data-wow-delay= 200ms><div class=\"vc_column-inner \"><div class=\"wpb_wrapper\"><span class=\"text-extra-dark-gray margin-20px-bottom font-weight-600 display-inline-block  pofo_font_1736849225750 heading-style2  heading-4\"  style=\"font-size: 32px; line-height: 38px; font-weight: 600;\" data-fontsize=\"32px\" data-lineheight=\"38px\">Entendemos la naturaleza delicada del trabajo de nuestros clientes.<\/span><div class=\"text-medium line-height-28 last-paragraph-no-margin\"><p>Nuestras tecnolog\u00edas se desarrollan con una atenci\u00f3n constante a la discreci\u00f3n. Ya sea con dise\u00f1os discretos o protocolos operativos seguros, ponemos la confidencialidad en el centro de cada proceso. De esta manera, nuestras herramientas no solo apoyan las misiones, sino que tambi\u00e9n protegen la integridad y privacidad de las operaciones.<\/p>\n<\/div><\/div><\/div><\/div><\/section><section data-vc-full-width=\"true\" data-vc-full-width-init=\"false\" data-vc-stretch-content=\"true\" class=\"vc_row wpb_row vc_row-fluid  vc_custom_1507636333820 pofo-stretch-content\"><div class=\"wpb_column vc_column_container vc_col-sm-12  col-xs-mobile-fullwidth text-center pofo-column-responsive-69dbc9f51c31a\"><div class=\"vc_column-inner \"><div class=\"wpb_wrapper\">[vc_single_image image=\u00bb23210&#8243; img_size=\u00bbfull\u00bb alignment=\u00bbcenter\u00bb el_class=\u00bbno-margin-bottom\u00bb]<\/div><\/div><\/div><\/section><div class=\"vc_row-full-width vc_clearfix\"><\/div><section data-vc-full-width=\"true\" data-vc-full-width-init=\"false\" class=\"vc_row wpb_row vc_row-fluid  vc_custom_1510042830410 wow fadeIn vc_row-has-fill pofo-stretch-content pofo-stretch-row-container pofo-row-responsive-69dbc9f51c374\"><div class=\"wpb_column vc_column_container vc_col-sm-12  col-xs-mobile-fullwidth text-center md-text-center sm-text-left xs-text-left\"><div class=\"vc_column-inner \"><div class=\"wpb_wrapper\">[vc_single_image image=\u00bb23225&#8243; img_size=\u00bbfull\u00bb alignment=\u00bbcenter\u00bb css=\u00bb.vc_custom_1734009154293{margin-bottom: 30px !important;}\u00bb el_class=\u00bbmobile-center\u00bb]<span class=\"text-extra-dark-gray margin-20px-bottom font-weight-600 display-inline-block  pofo_font_1736940019318 heading-style2  heading-5\"  style=\"width: 80%; font-size: 32px; line-height: 38px; font-weight: 600; color: #ffffff;\" data-fontsize=\"32px\" data-lineheight=\"38px\">En INNOVA no solo creamos productos: desarrollamos soluciones.<\/span><h6 class=\"text-extra-dark-gray margin-20px-bottom font-weight-600 display-inline-block heading-style2  vc_custom_1737027163329 pofo-button-responsive-69dbc9f51c760  heading-6\"  style=\"width: 65%; font-weight: 300; color: #939393;\">Nuestro adn es desarrollar lo que el cliente necesita, m\u00e1s que las tendencias del mercado. Este enfoque nos permite proporcionar soluciones personalizadas que responden a demandas espec\u00edficas, garantizando un rendimiento \u00f3ptimo y una aplicaci\u00f3n efectiva en el mundo real.<\/h6>[vc_single_image image=\u00bb23224&#8243; img_size=\u00bbfull\u00bb alignment=\u00bbcenter\u00bb el_class=\u00bbvc_hidden-xs\u00bb css=\u00bb.vc_custom_1734008817959{margin-top: 45px !important;margin-bottom: 0px !important;}\u00bb]<\/div><\/div><\/div><\/section><div class=\"vc_row-full-width vc_clearfix\"><\/div>\n","protected":false},"excerpt":{"rendered":"[vc_single_image image=\"23320\" img_size=\"full\" el_class=\"margin-five-bottom\" css=\".vc_custom_1736264334454{margin-bottom: 20px !important;}\"]Innovar con precisi\u00f3n y objetivos claros, ofreciendo soluciones que hacen que cada misi\u00f3n sea un \u00e9xitoEn INNOVA, nos especializamos en la creaci\u00f3n de tecnolog\u00edas a medida e innovadoras que apoyan a las Fuerzas y Cuerpos de Seguridad, las Agencias de Inteligencia y las Entidades Gubernamentales en todo el mundo. Cada soluci\u00f3n que dise\u00f1amos est\u00e1 pensada para satisfacer las necesidades de contextos operativos complejos y \u00fanicos, ofreciendo la confiabilidad, discreci\u00f3n y precisi\u00f3n necesarias para el \u00e9xito de las misiones de nuestros clientes.La confiabilidad es el pilar de todo lo que hacemos.Desde el concepto inicial hasta la implementaci\u00f3n final, garantizamos que cada producto sea sometido a rigurosas pruebas para asegurar un funcionamiento impecable en situaciones cr\u00edticas. Ofrecemos soluciones electr\u00f3nicas avanzadas y herramientas investigativas personalizadas que permiten operar sin errores, incluso en las condiciones m\u00e1s desafiantes. Entendemos la naturaleza delicada del trabajo de nuestros clientes.Nuestras tecnolog\u00edas se desarrollan con una atenci\u00f3n constante a la discreci\u00f3n. Ya sea con dise\u00f1os discretos o protocolos operativos seguros, ponemos la confidencialidad en el centro de cada proceso. De esta manera, nuestras herramientas no solo apoyan las misiones, sino que tambi\u00e9n protegen la integridad y privacidad de las operaciones. [vc_single_image image=\"23210\" img_size=\"full\"...","protected":false},"author":1,"featured_media":0,"parent":0,"menu_order":0,"comment_status":"closed","ping_status":"closed","template":"","meta":{"footnotes":""},"class_list":["post-23979","page","type-page","status-publish","hentry"],"yoast_head":"<!-- This site is optimized with the Yoast SEO plugin v24.3 - https:\/\/yoast.com\/wordpress\/plugins\/seo\/ -->\n<title>Qu\u00e9 hacemos | Innova<\/title>\n<meta name=\"description\" content=\"Innova desarrolla tecnolog\u00edas avanzadas con enfoque en discreci\u00f3n y fiabilidad, ofreciendo soluciones que operan sin fallos en situaciones cr\u00edticas.\" \/>\n<meta name=\"robots\" content=\"index, follow, max-snippet:-1, max-image-preview:large, max-video-preview:-1\" \/>\n<link rel=\"canonical\" href=\"https:\/\/www.innovatrieste.it\/es\/que-hacemos\/\" \/>\n<meta property=\"og:locale\" content=\"es_ES\" \/>\n<meta property=\"og:type\" content=\"article\" \/>\n<meta property=\"og:title\" content=\"Qu\u00e9 hacemos | Innova\" \/>\n<meta property=\"og:description\" content=\"Innova desarrolla tecnolog\u00edas avanzadas con enfoque en discreci\u00f3n y fiabilidad, ofreciendo soluciones que operan sin fallos en situaciones cr\u00edticas.\" \/>\n<meta property=\"og:url\" content=\"https:\/\/www.innovatrieste.it\/es\/que-hacemos\/\" \/>\n<meta property=\"og:site_name\" content=\"Innova\" \/>\n<meta property=\"article:modified_time\" content=\"2025-02-10T15:31:56+00:00\" \/>\n<meta property=\"og:image\" content=\"https:\/\/www.innovatrieste.it\/wp-content\/uploads\/2024\/10\/Slider-WhoWeLookFor.jpg\" \/>\n\t<meta property=\"og:image:width\" content=\"1920\" \/>\n\t<meta property=\"og:image:height\" content=\"1100\" \/>\n\t<meta property=\"og:image:type\" content=\"image\/jpeg\" \/>\n<meta name=\"twitter:card\" content=\"summary_large_image\" \/>\n<meta name=\"twitter:label1\" content=\"Tiempo de lectura\" \/>\n\t<meta name=\"twitter:data1\" content=\"3 minutos\" \/>\n<script type=\"application\/ld+json\" class=\"yoast-schema-graph\">{\"@context\":\"https:\/\/schema.org\",\"@graph\":[{\"@type\":\"WebPage\",\"@id\":\"https:\/\/www.innovatrieste.it\/es\/que-hacemos\/\",\"url\":\"https:\/\/www.innovatrieste.it\/es\/que-hacemos\/\",\"name\":\"Qu\u00e9 hacemos | Innova\",\"isPartOf\":{\"@id\":\"https:\/\/www.innovatrieste.it\/es\/#website\"},\"datePublished\":\"2025-01-13T10:56:30+00:00\",\"dateModified\":\"2025-02-10T15:31:56+00:00\",\"description\":\"Innova desarrolla tecnolog\u00edas avanzadas con enfoque en discreci\u00f3n y fiabilidad, ofreciendo soluciones que operan sin fallos en situaciones cr\u00edticas.\",\"breadcrumb\":{\"@id\":\"https:\/\/www.innovatrieste.it\/es\/que-hacemos\/#breadcrumb\"},\"inLanguage\":\"es\",\"potentialAction\":[{\"@type\":\"ReadAction\",\"target\":[\"https:\/\/www.innovatrieste.it\/es\/que-hacemos\/\"]}]},{\"@type\":\"BreadcrumbList\",\"@id\":\"https:\/\/www.innovatrieste.it\/es\/que-hacemos\/#breadcrumb\",\"itemListElement\":[{\"@type\":\"ListItem\",\"position\":1,\"name\":\"Home\",\"item\":\"https:\/\/www.innovatrieste.it\/es\/\"},{\"@type\":\"ListItem\",\"position\":2,\"name\":\"Qu\u00e9 hacemos\"}]},{\"@type\":\"WebSite\",\"@id\":\"https:\/\/www.innovatrieste.it\/es\/#website\",\"url\":\"https:\/\/www.innovatrieste.it\/es\/\",\"name\":\"INNOVA\",\"description\":\"We turn investigation into success\",\"publisher\":{\"@id\":\"https:\/\/www.innovatrieste.it\/es\/#organization\"},\"alternateName\":\"Innova Trieste\",\"potentialAction\":[{\"@type\":\"SearchAction\",\"target\":{\"@type\":\"EntryPoint\",\"urlTemplate\":\"https:\/\/www.innovatrieste.it\/es\/?s={search_term_string}\"},\"query-input\":{\"@type\":\"PropertyValueSpecification\",\"valueRequired\":true,\"valueName\":\"search_term_string\"}}],\"inLanguage\":\"es\"},{\"@type\":\"Organization\",\"@id\":\"https:\/\/www.innovatrieste.it\/es\/#organization\",\"name\":\"Innova S.p.A.\",\"alternateName\":\"Innova\",\"url\":\"https:\/\/www.innovatrieste.it\/es\/\",\"logo\":{\"@type\":\"ImageObject\",\"inLanguage\":\"es\",\"@id\":\"https:\/\/www.innovatrieste.it\/es\/#\/schema\/logo\/image\/\",\"url\":\"https:\/\/www.innovatrieste.it\/wp-content\/uploads\/2025\/01\/GetAttachmentThumbnail.png\",\"contentUrl\":\"https:\/\/www.innovatrieste.it\/wp-content\/uploads\/2025\/01\/GetAttachmentThumbnail.png\",\"width\":205,\"height\":28,\"caption\":\"Innova S.p.A.\"},\"image\":{\"@id\":\"https:\/\/www.innovatrieste.it\/es\/#\/schema\/logo\/image\/\"}}]}<\/script>\n<!-- \/ Yoast SEO plugin. -->","yoast_head_json":{"title":"Qu\u00e9 hacemos | Innova","description":"Innova desarrolla tecnolog\u00edas avanzadas con enfoque en discreci\u00f3n y fiabilidad, ofreciendo soluciones que operan sin fallos en situaciones cr\u00edticas.","robots":{"index":"index","follow":"follow","max-snippet":"max-snippet:-1","max-image-preview":"max-image-preview:large","max-video-preview":"max-video-preview:-1"},"canonical":"https:\/\/www.innovatrieste.it\/es\/que-hacemos\/","og_locale":"es_ES","og_type":"article","og_title":"Qu\u00e9 hacemos | Innova","og_description":"Innova desarrolla tecnolog\u00edas avanzadas con enfoque en discreci\u00f3n y fiabilidad, ofreciendo soluciones que operan sin fallos en situaciones cr\u00edticas.","og_url":"https:\/\/www.innovatrieste.it\/es\/que-hacemos\/","og_site_name":"Innova","article_modified_time":"2025-02-10T15:31:56+00:00","og_image":[{"width":1920,"height":1100,"url":"https:\/\/www.innovatrieste.it\/wp-content\/uploads\/2024\/10\/Slider-WhoWeLookFor.jpg","type":"image\/jpeg"}],"twitter_card":"summary_large_image","twitter_misc":{"Tiempo de lectura":"3 minutos"},"schema":{"@context":"https:\/\/schema.org","@graph":[{"@type":"WebPage","@id":"https:\/\/www.innovatrieste.it\/es\/que-hacemos\/","url":"https:\/\/www.innovatrieste.it\/es\/que-hacemos\/","name":"Qu\u00e9 hacemos | Innova","isPartOf":{"@id":"https:\/\/www.innovatrieste.it\/es\/#website"},"datePublished":"2025-01-13T10:56:30+00:00","dateModified":"2025-02-10T15:31:56+00:00","description":"Innova desarrolla tecnolog\u00edas avanzadas con enfoque en discreci\u00f3n y fiabilidad, ofreciendo soluciones que operan sin fallos en situaciones cr\u00edticas.","breadcrumb":{"@id":"https:\/\/www.innovatrieste.it\/es\/que-hacemos\/#breadcrumb"},"inLanguage":"es","potentialAction":[{"@type":"ReadAction","target":["https:\/\/www.innovatrieste.it\/es\/que-hacemos\/"]}]},{"@type":"BreadcrumbList","@id":"https:\/\/www.innovatrieste.it\/es\/que-hacemos\/#breadcrumb","itemListElement":[{"@type":"ListItem","position":1,"name":"Home","item":"https:\/\/www.innovatrieste.it\/es\/"},{"@type":"ListItem","position":2,"name":"Qu\u00e9 hacemos"}]},{"@type":"WebSite","@id":"https:\/\/www.innovatrieste.it\/es\/#website","url":"https:\/\/www.innovatrieste.it\/es\/","name":"INNOVA","description":"We turn investigation into success","publisher":{"@id":"https:\/\/www.innovatrieste.it\/es\/#organization"},"alternateName":"Innova Trieste","potentialAction":[{"@type":"SearchAction","target":{"@type":"EntryPoint","urlTemplate":"https:\/\/www.innovatrieste.it\/es\/?s={search_term_string}"},"query-input":{"@type":"PropertyValueSpecification","valueRequired":true,"valueName":"search_term_string"}}],"inLanguage":"es"},{"@type":"Organization","@id":"https:\/\/www.innovatrieste.it\/es\/#organization","name":"Innova S.p.A.","alternateName":"Innova","url":"https:\/\/www.innovatrieste.it\/es\/","logo":{"@type":"ImageObject","inLanguage":"es","@id":"https:\/\/www.innovatrieste.it\/es\/#\/schema\/logo\/image\/","url":"https:\/\/www.innovatrieste.it\/wp-content\/uploads\/2025\/01\/GetAttachmentThumbnail.png","contentUrl":"https:\/\/www.innovatrieste.it\/wp-content\/uploads\/2025\/01\/GetAttachmentThumbnail.png","width":205,"height":28,"caption":"Innova S.p.A."},"image":{"@id":"https:\/\/www.innovatrieste.it\/es\/#\/schema\/logo\/image\/"}}]}},"_links":{"self":[{"href":"https:\/\/www.innovatrieste.it\/es\/wp-json\/wp\/v2\/pages\/23979","targetHints":{"allow":["GET"]}}],"collection":[{"href":"https:\/\/www.innovatrieste.it\/es\/wp-json\/wp\/v2\/pages"}],"about":[{"href":"https:\/\/www.innovatrieste.it\/es\/wp-json\/wp\/v2\/types\/page"}],"author":[{"embeddable":true,"href":"https:\/\/www.innovatrieste.it\/es\/wp-json\/wp\/v2\/users\/1"}],"replies":[{"embeddable":true,"href":"https:\/\/www.innovatrieste.it\/es\/wp-json\/wp\/v2\/comments?post=23979"}],"version-history":[{"count":11,"href":"https:\/\/www.innovatrieste.it\/es\/wp-json\/wp\/v2\/pages\/23979\/revisions"}],"predecessor-version":[{"id":24449,"href":"https:\/\/www.innovatrieste.it\/es\/wp-json\/wp\/v2\/pages\/23979\/revisions\/24449"}],"wp:attachment":[{"href":"https:\/\/www.innovatrieste.it\/es\/wp-json\/wp\/v2\/media?parent=23979"}],"curies":[{"name":"wp","href":"https:\/\/api.w.org\/{rel}","templated":true}]}}