{"id":23981,"date":"2025-01-13T11:03:19","date_gmt":"2025-01-13T11:03:19","guid":{"rendered":"https:\/\/www.innovatrieste.it\/?page_id=23981"},"modified":"2025-02-10T15:32:04","modified_gmt":"2025-02-10T15:32:04","slug":"como-lo-hacemos","status":"publish","type":"page","link":"https:\/\/www.innovatrieste.it\/es\/como-lo-hacemos\/","title":{"rendered":"C\u00f3mo lo hacemos"},"content":{"rendered":"<section data-vc-full-width=\"true\" data-vc-full-width-init=\"false\" class=\"vc_row wpb_row vc_row-fluid big-section vc_custom_1729699064476 wow none vc_row-has-fill pofo-stretch-content pofo-stretch-row-container vc_row-o-equal-height vc_row-o-content-middle vc_row-flex\"><div class=\"wpb_column vc_column_container vc_col-md-2 col-xs-mobile-fullwidth\"><div class=\"vc_column-inner \"><div class=\"wpb_wrapper\"><div class=\"sm-display-none separator-line-horrizontal-full bg-extra-light-gray center-col pofo-separator\" style=\"background-color:#298fc2;\"><\/div><\/div><\/div><\/div><div class=\"wpb_column vc_column_container vc_col-md-offset-2 vc_col-md-8 col-xs-mobile-fullwidth\"><div class=\"vc_column-inner vc_custom_1507701469315\" style=\"min-height: 400px;\"><div class=\"wpb_wrapper\">[vc_single_image image=\u00bb23320&#8243; img_size=\u00bbfull\u00bb el_class=\u00bbmargin-five-bottom\u00bb css=\u00bb.vc_custom_1736264361423{margin-bottom: 20px !important;}\u00bb]<h3 class=\"text-extra-dark-gray margin-20px-bottom font-weight-600 display-inline-block alt-font heading-style2  vc_custom_1736849335893 pofo-button-responsive-69dbcfabd85dd  heading-1\"  style=\"font-weight: 500; color: #ffffff;\">Las soluciones cambian, los valores permanecen<\/h3><span class=\"text-extra-large margin-25px-bottom display-block alt-font heading-style3  vc_custom_1737017371865 pofo-button-responsive-69dbcfabd861f  heading-2\"  style=\"width: 85%; font-size: 18px; line-height: 26px; font-weight: 300;\" data-fontsize=\"18px\" data-lineheight=\"26px\">Mientras que la tecnolog\u00eda y las soluciones evolucionan constantemente para enfrentar los desaf\u00edos de un mundo en continuo cambio, en INNOVA los principios que gu\u00edan nuestro trabajo permanecen inalterables. La confiabilidad, la discreci\u00f3n y un profundo compromiso para entender las necesidades de nuestros clientes son los fundamentos de todo lo que hacemos. Estos valores nos impulsan a crear tecnolog\u00edas innovadoras que no solo resuelven los problemas de hoy, sino que tambi\u00e9n inspiran confianza para el futuro.<\/span><\/div><\/div><\/div><\/section><div class=\"vc_row-full-width vc_clearfix\"><\/div><section class=\"vc_row wpb_row vc_row-fluid  vc_custom_1507636023841 wow fadeIn pofo-row-responsive-69dbcfabd8663\"><div class=\"wpb_column vc_column_container vc_col-sm-12 vc_col-md-5 vc_col-xs-12 wow fadeInUp pofo-column-responsive-69dbcfabd86ae\"><div class=\"vc_column-inner \"><div class=\"wpb_wrapper\"><span class=\"text-extra-dark-gray margin-20px-bottom font-weight-600 display-inline-block  pofo_font_1736849354885 heading-style2  heading-3\"  style=\"font-size: 32px; line-height: 38px; font-weight: 600;\" data-fontsize=\"32px\" data-lineheight=\"38px\">La intuici\u00f3n, combinada con el conocimiento t\u00e9cnico, nos permite estar siempre un paso adelante.<\/span><\/div><\/div><\/div><div class=\"wpb_column vc_column_container vc_col-sm-12 vc_col-md-offset-2 vc_col-md-5 vc_col-xs-12 wow fadeInUp pofo-column-responsive-69dbcfabd8740\" data-wow-delay= 200ms><div class=\"vc_column-inner \"><div class=\"wpb_wrapper\"><div class=\"text-medium line-height-28 last-paragraph-no-margin\"><p>No creemos en los atajos: nuestra fuerza se basa en cifras y rendimiento. Esta es la \u00fanica manera de demostrar que nuestro enfoque diferente en este sector ha tomado fuerza y ahora es una pr\u00e1ctica destacada.<\/p>\n<\/div><\/div><\/div><\/div><\/section><section data-vc-full-width=\"true\" data-vc-full-width-init=\"false\" data-parallax-background-ratio=\"0.5\" class=\"vc_row wpb_row vc_row-fluid  vc_custom_1733239023604 wow fadeIn vc_row-has-fill pofo-stretch-content pofo-stretch-row-container parallax pofo-row-responsive-69dbcfabd87fd\" style=\"min-height: 900px;\"><div class=\"wpb_column vc_column_container vc_col-sm-12  col-xs-mobile-fullwidth\"><div class=\"vc_column-inner \"><div class=\"wpb_wrapper\"><\/div><\/div><\/div><\/section><div class=\"vc_row-full-width vc_clearfix\"><\/div><section class=\"vc_row wpb_row vc_row-fluid   vc_row-o-equal-height vc_row-flex\"><div class=\"wpb_column vc_column_container vc_col-sm-1\/5 vc_col-xs-6 text-center md-text-center sm-text-center xs-text-left\"><div class=\"vc_column-inner vc_custom_1733935181973\"><div class=\"wpb_wrapper\"><div class=\"featurebox3 pofo-featurebox feature-box featurebox3-1\" ><div class=\"content\"><img decoding=\"async\" src=\"https:\/\/www.innovatrieste.it\/wp-content\/uploads\/2024\/12\/ISO-9001_2015_.png\" alt=\"ISO 9001_2015_\" class=\"icon-image margin-25px-bottom\"\/><div class=\"text-medium alt-font text-capitalize text-extra-dark-gray margin-10px-bottom sm-margin-5px-bottom\" style=\"font-size: 18px; font-weight: 600; color: #0a0101;\" data-fontsize=\"18px\">ISO 9001:2015<\/div><div class=\"width-85 margin-lr-auto sm-width-100 last-paragraph-no-margin\"><p>Sistema de gesti\u00f3n de la calidad<\/p>\n<\/div><\/div><\/div><\/div><\/div><\/div><div class=\"wpb_column vc_column_container vc_col-sm-1\/5 vc_col-xs-6 text-center md-text-center sm-text-center xs-text-left\"><div class=\"vc_column-inner vc_custom_1733935185902\"><div class=\"wpb_wrapper\"><div class=\"featurebox3 pofo-featurebox feature-box featurebox3-2\" ><div class=\"content\"><img decoding=\"async\" src=\"https:\/\/www.innovatrieste.it\/wp-content\/uploads\/2024\/12\/ISO-14001_2015_.png\" alt=\"ISO 14001_2015_\" class=\"icon-image margin-25px-bottom\"\/><div class=\"text-medium alt-font text-capitalize text-extra-dark-gray margin-10px-bottom sm-margin-5px-bottom\" style=\"font-size: 18px; font-weight: 600; color: #000000;\" data-fontsize=\"18px\">ISO 14001:2015<\/div><div class=\"width-85 margin-lr-auto sm-width-100 last-paragraph-no-margin\"><p>Sistema de gesti\u00f3n ambiental<\/p>\n<\/div><\/div><\/div><\/div><\/div><\/div><div class=\"wpb_column vc_column_container vc_col-sm-1\/5 vc_col-xs-6 text-center md-text-center sm-text-center xs-text-left\"><div class=\"vc_column-inner vc_custom_1733935190660\"><div class=\"wpb_wrapper\"><div class=\"featurebox3 pofo-featurebox feature-box featurebox3-3\" ><div class=\"content\"><img decoding=\"async\" src=\"https:\/\/www.innovatrieste.it\/wp-content\/uploads\/2024\/12\/ISO_IEC-27001_2022_.png\" alt=\"ISO_IEC 27001_2022_\" class=\"icon-image margin-25px-bottom\"\/><div class=\"text-medium alt-font text-capitalize text-extra-dark-gray margin-10px-bottom sm-margin-5px-bottom\" style=\"font-size: 18px; font-weight: 600; color: #000000;\" data-fontsize=\"18px\">ISO\/IEC 27001:2022<\/div><div class=\"width-85 margin-lr-auto sm-width-100 last-paragraph-no-margin\"><p>Sistema de gesti\u00f3n de la seguridad de la informaci\u00f3n<\/p>\n<\/div><\/div><\/div><\/div><\/div><\/div><div class=\"wpb_column vc_column_container vc_col-sm-1\/5 vc_col-xs-6 text-center md-text-center sm-text-center xs-text-left\"><div class=\"vc_column-inner vc_custom_1733935194335\"><div class=\"wpb_wrapper\"><div class=\"featurebox3 pofo-featurebox feature-box featurebox3-4\" ><div class=\"content\"><img decoding=\"async\" src=\"https:\/\/www.innovatrieste.it\/wp-content\/uploads\/2024\/12\/ISO-45001_2018_-1.png\" alt=\"ISO 45001_2018_\" class=\"icon-image margin-25px-bottom\"\/><div class=\"text-medium alt-font text-capitalize text-extra-dark-gray margin-10px-bottom sm-margin-5px-bottom\" style=\"font-size: 18px; font-weight: 600; color: #000000;\" data-fontsize=\"18px\">ISO 45001:2018<\/div><div class=\"width-85 margin-lr-auto sm-width-100 last-paragraph-no-margin\"><p>Sistema de gesti\u00f3n para la salud y seguridad en el trabajo<\/p>\n<\/div><\/div><\/div><\/div><\/div><\/div><div class=\"wpb_column vc_column_container vc_col-sm-1\/5 vc_col-xs-6 text-center md-text-center sm-text-center xs-text-left\"><div class=\"vc_column-inner vc_custom_1733935201310\"><div class=\"wpb_wrapper\"><div class=\"featurebox3 pofo-featurebox feature-box featurebox3-5\" ><div class=\"content\"><img decoding=\"async\" src=\"https:\/\/www.innovatrieste.it\/wp-content\/uploads\/2024\/12\/UNI_PdR-125_2022_-1.png\" alt=\"UNI_PdR-125_2022_\" class=\"icon-image margin-25px-bottom\"\/><div class=\"text-medium alt-font text-capitalize text-extra-dark-gray margin-10px-bottom sm-margin-5px-bottom\" style=\"font-size: 18px; font-weight: 600; color: #000000;\" data-fontsize=\"18px\">UNI\/PdR 125:2022<\/div><div class=\"width-85 margin-lr-auto sm-width-100 last-paragraph-no-margin\"><p>Sistema de gesti\u00f3n para la igualdad de g\u00e9nero<\/p>\n<\/div><\/div><\/div><\/div><\/div><\/div><\/section>\n","protected":false},"excerpt":{"rendered":"[vc_single_image image=\"23320\" img_size=\"full\" el_class=\"margin-five-bottom\" css=\".vc_custom_1736264361423{margin-bottom: 20px !important;}\"]Las soluciones cambian, los valores permanecenMientras que la tecnolog\u00eda y las soluciones evolucionan constantemente para enfrentar los desaf\u00edos de un mundo en continuo cambio, en INNOVA los principios que gu\u00edan nuestro trabajo permanecen inalterables. La confiabilidad, la discreci\u00f3n y un profundo compromiso para entender las necesidades de nuestros clientes son los fundamentos de todo lo que hacemos. Estos valores nos impulsan a crear tecnolog\u00edas innovadoras que no solo resuelven los problemas de hoy, sino que tambi\u00e9n inspiran confianza para el futuro.La intuici\u00f3n, combinada con el conocimiento t\u00e9cnico, nos permite estar siempre un paso adelante.No creemos en los atajos: nuestra fuerza se basa en cifras y rendimiento. Esta es la \u00fanica manera de demostrar que nuestro enfoque diferente en este sector ha tomado fuerza y ahora es una pr\u00e1ctica destacada. ISO 9001:2015Sistema de gesti\u00f3n de la calidad ISO 14001:2015Sistema de gesti\u00f3n ambiental ISO\/IEC 27001:2022Sistema de gesti\u00f3n de la seguridad de la informaci\u00f3n ISO 45001:2018Sistema de gesti\u00f3n para la salud y seguridad en el trabajo UNI\/PdR 125:2022Sistema de gesti\u00f3n para la igualdad de g\u00e9nero","protected":false},"author":1,"featured_media":0,"parent":0,"menu_order":0,"comment_status":"closed","ping_status":"closed","template":"","meta":{"footnotes":""},"class_list":["post-23981","page","type-page","status-publish","hentry"],"yoast_head":"<!-- This site is optimized with the Yoast SEO plugin v24.3 - https:\/\/yoast.com\/wordpress\/plugins\/seo\/ -->\n<title>C\u00f3mo lo hacemos | Innova<\/title>\n<meta name=\"description\" content=\"Innova combina innovaci\u00f3n y valores s\u00f3lidos como confiabilidad y discreci\u00f3n, creando tecnolog\u00edas que resuelven desaf\u00edos actuales y generan confianza.\" \/>\n<meta name=\"robots\" content=\"index, follow, max-snippet:-1, max-image-preview:large, max-video-preview:-1\" \/>\n<link rel=\"canonical\" href=\"https:\/\/www.innovatrieste.it\/es\/como-lo-hacemos\/\" \/>\n<meta property=\"og:locale\" content=\"es_ES\" \/>\n<meta property=\"og:type\" content=\"article\" \/>\n<meta property=\"og:title\" content=\"C\u00f3mo lo hacemos | Innova\" \/>\n<meta property=\"og:description\" content=\"Innova combina innovaci\u00f3n y valores s\u00f3lidos como confiabilidad y discreci\u00f3n, creando tecnolog\u00edas que resuelven desaf\u00edos actuales y generan confianza.\" \/>\n<meta property=\"og:url\" content=\"https:\/\/www.innovatrieste.it\/es\/como-lo-hacemos\/\" \/>\n<meta property=\"og:site_name\" content=\"Innova\" \/>\n<meta property=\"article:modified_time\" content=\"2025-02-10T15:32:04+00:00\" \/>\n<meta property=\"og:image\" content=\"https:\/\/www.innovatrieste.it\/wp-content\/uploads\/2024\/10\/Slider-WhoWeLookFor.jpg\" \/>\n\t<meta property=\"og:image:width\" content=\"1920\" \/>\n\t<meta property=\"og:image:height\" content=\"1100\" \/>\n\t<meta property=\"og:image:type\" content=\"image\/jpeg\" \/>\n<meta name=\"twitter:card\" content=\"summary_large_image\" \/>\n<meta name=\"twitter:label1\" content=\"Tiempo de lectura\" \/>\n\t<meta name=\"twitter:data1\" content=\"5 minutos\" \/>\n<script type=\"application\/ld+json\" class=\"yoast-schema-graph\">{\"@context\":\"https:\/\/schema.org\",\"@graph\":[{\"@type\":\"WebPage\",\"@id\":\"https:\/\/www.innovatrieste.it\/es\/como-lo-hacemos\/\",\"url\":\"https:\/\/www.innovatrieste.it\/es\/como-lo-hacemos\/\",\"name\":\"C\u00f3mo lo hacemos | Innova\",\"isPartOf\":{\"@id\":\"https:\/\/www.innovatrieste.it\/es\/#website\"},\"datePublished\":\"2025-01-13T11:03:19+00:00\",\"dateModified\":\"2025-02-10T15:32:04+00:00\",\"description\":\"Innova combina innovaci\u00f3n y valores s\u00f3lidos como confiabilidad y discreci\u00f3n, creando tecnolog\u00edas que resuelven desaf\u00edos actuales y generan confianza.\",\"breadcrumb\":{\"@id\":\"https:\/\/www.innovatrieste.it\/es\/como-lo-hacemos\/#breadcrumb\"},\"inLanguage\":\"es\",\"potentialAction\":[{\"@type\":\"ReadAction\",\"target\":[\"https:\/\/www.innovatrieste.it\/es\/como-lo-hacemos\/\"]}]},{\"@type\":\"BreadcrumbList\",\"@id\":\"https:\/\/www.innovatrieste.it\/es\/como-lo-hacemos\/#breadcrumb\",\"itemListElement\":[{\"@type\":\"ListItem\",\"position\":1,\"name\":\"Home\",\"item\":\"https:\/\/www.innovatrieste.it\/es\/\"},{\"@type\":\"ListItem\",\"position\":2,\"name\":\"C\u00f3mo lo hacemos\"}]},{\"@type\":\"WebSite\",\"@id\":\"https:\/\/www.innovatrieste.it\/es\/#website\",\"url\":\"https:\/\/www.innovatrieste.it\/es\/\",\"name\":\"INNOVA\",\"description\":\"We turn investigation into success\",\"publisher\":{\"@id\":\"https:\/\/www.innovatrieste.it\/es\/#organization\"},\"alternateName\":\"Innova Trieste\",\"potentialAction\":[{\"@type\":\"SearchAction\",\"target\":{\"@type\":\"EntryPoint\",\"urlTemplate\":\"https:\/\/www.innovatrieste.it\/es\/?s={search_term_string}\"},\"query-input\":{\"@type\":\"PropertyValueSpecification\",\"valueRequired\":true,\"valueName\":\"search_term_string\"}}],\"inLanguage\":\"es\"},{\"@type\":\"Organization\",\"@id\":\"https:\/\/www.innovatrieste.it\/es\/#organization\",\"name\":\"Innova S.p.A.\",\"alternateName\":\"Innova\",\"url\":\"https:\/\/www.innovatrieste.it\/es\/\",\"logo\":{\"@type\":\"ImageObject\",\"inLanguage\":\"es\",\"@id\":\"https:\/\/www.innovatrieste.it\/es\/#\/schema\/logo\/image\/\",\"url\":\"https:\/\/www.innovatrieste.it\/wp-content\/uploads\/2025\/01\/GetAttachmentThumbnail.png\",\"contentUrl\":\"https:\/\/www.innovatrieste.it\/wp-content\/uploads\/2025\/01\/GetAttachmentThumbnail.png\",\"width\":205,\"height\":28,\"caption\":\"Innova S.p.A.\"},\"image\":{\"@id\":\"https:\/\/www.innovatrieste.it\/es\/#\/schema\/logo\/image\/\"}}]}<\/script>\n<!-- \/ Yoast SEO plugin. -->","yoast_head_json":{"title":"C\u00f3mo lo hacemos | Innova","description":"Innova combina innovaci\u00f3n y valores s\u00f3lidos como confiabilidad y discreci\u00f3n, creando tecnolog\u00edas que resuelven desaf\u00edos actuales y generan confianza.","robots":{"index":"index","follow":"follow","max-snippet":"max-snippet:-1","max-image-preview":"max-image-preview:large","max-video-preview":"max-video-preview:-1"},"canonical":"https:\/\/www.innovatrieste.it\/es\/como-lo-hacemos\/","og_locale":"es_ES","og_type":"article","og_title":"C\u00f3mo lo hacemos | Innova","og_description":"Innova combina innovaci\u00f3n y valores s\u00f3lidos como confiabilidad y discreci\u00f3n, creando tecnolog\u00edas que resuelven desaf\u00edos actuales y generan confianza.","og_url":"https:\/\/www.innovatrieste.it\/es\/como-lo-hacemos\/","og_site_name":"Innova","article_modified_time":"2025-02-10T15:32:04+00:00","og_image":[{"width":1920,"height":1100,"url":"https:\/\/www.innovatrieste.it\/wp-content\/uploads\/2024\/10\/Slider-WhoWeLookFor.jpg","type":"image\/jpeg"}],"twitter_card":"summary_large_image","twitter_misc":{"Tiempo de lectura":"5 minutos"},"schema":{"@context":"https:\/\/schema.org","@graph":[{"@type":"WebPage","@id":"https:\/\/www.innovatrieste.it\/es\/como-lo-hacemos\/","url":"https:\/\/www.innovatrieste.it\/es\/como-lo-hacemos\/","name":"C\u00f3mo lo hacemos | Innova","isPartOf":{"@id":"https:\/\/www.innovatrieste.it\/es\/#website"},"datePublished":"2025-01-13T11:03:19+00:00","dateModified":"2025-02-10T15:32:04+00:00","description":"Innova combina innovaci\u00f3n y valores s\u00f3lidos como confiabilidad y discreci\u00f3n, creando tecnolog\u00edas que resuelven desaf\u00edos actuales y generan confianza.","breadcrumb":{"@id":"https:\/\/www.innovatrieste.it\/es\/como-lo-hacemos\/#breadcrumb"},"inLanguage":"es","potentialAction":[{"@type":"ReadAction","target":["https:\/\/www.innovatrieste.it\/es\/como-lo-hacemos\/"]}]},{"@type":"BreadcrumbList","@id":"https:\/\/www.innovatrieste.it\/es\/como-lo-hacemos\/#breadcrumb","itemListElement":[{"@type":"ListItem","position":1,"name":"Home","item":"https:\/\/www.innovatrieste.it\/es\/"},{"@type":"ListItem","position":2,"name":"C\u00f3mo lo hacemos"}]},{"@type":"WebSite","@id":"https:\/\/www.innovatrieste.it\/es\/#website","url":"https:\/\/www.innovatrieste.it\/es\/","name":"INNOVA","description":"We turn investigation into success","publisher":{"@id":"https:\/\/www.innovatrieste.it\/es\/#organization"},"alternateName":"Innova Trieste","potentialAction":[{"@type":"SearchAction","target":{"@type":"EntryPoint","urlTemplate":"https:\/\/www.innovatrieste.it\/es\/?s={search_term_string}"},"query-input":{"@type":"PropertyValueSpecification","valueRequired":true,"valueName":"search_term_string"}}],"inLanguage":"es"},{"@type":"Organization","@id":"https:\/\/www.innovatrieste.it\/es\/#organization","name":"Innova S.p.A.","alternateName":"Innova","url":"https:\/\/www.innovatrieste.it\/es\/","logo":{"@type":"ImageObject","inLanguage":"es","@id":"https:\/\/www.innovatrieste.it\/es\/#\/schema\/logo\/image\/","url":"https:\/\/www.innovatrieste.it\/wp-content\/uploads\/2025\/01\/GetAttachmentThumbnail.png","contentUrl":"https:\/\/www.innovatrieste.it\/wp-content\/uploads\/2025\/01\/GetAttachmentThumbnail.png","width":205,"height":28,"caption":"Innova S.p.A."},"image":{"@id":"https:\/\/www.innovatrieste.it\/es\/#\/schema\/logo\/image\/"}}]}},"_links":{"self":[{"href":"https:\/\/www.innovatrieste.it\/es\/wp-json\/wp\/v2\/pages\/23981","targetHints":{"allow":["GET"]}}],"collection":[{"href":"https:\/\/www.innovatrieste.it\/es\/wp-json\/wp\/v2\/pages"}],"about":[{"href":"https:\/\/www.innovatrieste.it\/es\/wp-json\/wp\/v2\/types\/page"}],"author":[{"embeddable":true,"href":"https:\/\/www.innovatrieste.it\/es\/wp-json\/wp\/v2\/users\/1"}],"replies":[{"embeddable":true,"href":"https:\/\/www.innovatrieste.it\/es\/wp-json\/wp\/v2\/comments?post=23981"}],"version-history":[{"count":8,"href":"https:\/\/www.innovatrieste.it\/es\/wp-json\/wp\/v2\/pages\/23981\/revisions"}],"predecessor-version":[{"id":24450,"href":"https:\/\/www.innovatrieste.it\/es\/wp-json\/wp\/v2\/pages\/23981\/revisions\/24450"}],"wp:attachment":[{"href":"https:\/\/www.innovatrieste.it\/es\/wp-json\/wp\/v2\/media?parent=23981"}],"curies":[{"name":"wp","href":"https:\/\/api.w.org\/{rel}","templated":true}]}}