{"id":23983,"date":"2025-01-13T11:06:00","date_gmt":"2025-01-13T11:06:00","guid":{"rendered":"https:\/\/www.innovatrieste.it\/?page_id=23983"},"modified":"2025-01-27T07:55:23","modified_gmt":"2025-01-27T07:55:23","slug":"habla-con-nosotros","status":"publish","type":"page","link":"https:\/\/www.innovatrieste.it\/es\/habla-con-nosotros\/","title":{"rendered":"Habla con nosotros"},"content":{"rendered":"<section data-vc-full-width=\"true\" data-vc-full-width-init=\"false\" class=\"vc_row wpb_row vc_row-fluid big-section vc_custom_1731065897643 wow none vc_row-has-fill pofo-stretch-content pofo-stretch-row-container vc_row-o-equal-height vc_row-o-content-middle vc_row-flex\"><div class=\"wpb_column vc_column_container vc_col-md-2 col-xs-mobile-fullwidth\"><div class=\"vc_column-inner \"><div class=\"wpb_wrapper\"><div class=\"sm-display-none separator-line-horrizontal-full bg-extra-light-gray center-col pofo-separator\" style=\"background-color:#298fc2;\"><\/div><\/div><\/div><\/div><div class=\"wpb_column vc_column_container vc_col-md-offset-2 vc_col-md-8 col-xs-mobile-fullwidth\"><div class=\"vc_column-inner vc_custom_1507701469315\" style=\"min-height: 400px;\"><div class=\"wpb_wrapper\">[vc_single_image image=\u00bb23320&#8243; img_size=\u00bbfull\u00bb el_class=\u00bbmargin-five-bottom\u00bb css=\u00bb.vc_custom_1736264374387{margin-bottom: 20px !important;}\u00bb]<h3 class=\"text-extra-dark-gray margin-20px-bottom font-weight-600 display-inline-block alt-font heading-style2  vc_custom_1737017429231 pofo-button-responsive-69dbca4f8572b  heading-1\"  style=\"font-weight: 500; color: #ffffff;\">Somos discretos, pero... <br \/> hablemos.<\/h3><span class=\"text-extra-large margin-25px-bottom display-block alt-font heading-style3  vc_custom_1736849476320 pofo-button-responsive-69dbca4f8576c  heading-2\"  style=\"width: 85%; font-size: 18px; line-height: 26px; font-weight: 300;\" data-fontsize=\"18px\" data-lineheight=\"26px\">Estamos aqu\u00ed para responder a tus preguntas y escuchar tus necesidades. Cont\u00e1ctanos para cualquier informaci\u00f3n o aclaraci\u00f3n, siempre con la m\u00e1xima confidencialidad y profesionalismo.<\/span><\/div><\/div><\/div><\/section><div class=\"vc_row-full-width vc_clearfix\"><\/div><section data-vc-full-width=\"true\" data-vc-full-width-init=\"false\" data-vc-stretch-content=\"true\" class=\"vc_row wpb_row vc_row-fluid big-section vc_custom_1731066981012 wow none vc_row-has-fill pofo-stretch-content vc_row-no-padding vc_row-o-equal-height vc_row-o-content-middle vc_row-flex\"><div class=\"wpb_column vc_column_container vc_col-sm-6  col-xs-mobile-fullwidth pofo-column-responsive-69dbca4f85870\"><div class=\"vc_column-inner vc_custom_1731077641976\"><div class=\"wpb_wrapper\"><h3 class=\"text-extra-dark-gray margin-20px-bottom font-weight-600 display-inline-block alt-font heading-style2  vc_custom_1736849514391 pofo-button-responsive-69dbca4f85918  heading-3\"  style=\"font-size: 40px; line-height: 45px; font-weight: 300; color: #298fc2;\" data-fontsize=\"40px\" data-lineheight=\"45px\">Cont\u00e1ctenos<\/h3>\n<div class=\"wpcf7 no-js\" id=\"wpcf7-f24011-o1\" lang=\"es-ES\" dir=\"ltr\" data-wpcf7-id=\"24011\">\n<div class=\"screen-reader-response\"><p role=\"status\" aria-live=\"polite\" aria-atomic=\"true\"><\/p> <ul><\/ul><\/div>\n<form action=\"\/es\/wp-json\/wp\/v2\/pages\/23983#wpcf7-f24011-o1\" method=\"post\" class=\"wpcf7-form init\" aria-label=\"Formulario de contacto\" novalidate=\"novalidate\" data-status=\"init\">\n<div style=\"display: none;\">\n<input type=\"hidden\" name=\"_wpcf7\" value=\"24011\" \/>\n<input type=\"hidden\" name=\"_wpcf7_version\" value=\"6.0.3\" \/>\n<input type=\"hidden\" name=\"_wpcf7_locale\" value=\"es_ES\" \/>\n<input type=\"hidden\" name=\"_wpcf7_unit_tag\" value=\"wpcf7-f24011-o1\" \/>\n<input type=\"hidden\" name=\"_wpcf7_container_post\" value=\"0\" \/>\n<input type=\"hidden\" name=\"_wpcf7_posted_data_hash\" value=\"\" \/>\n<input type=\"hidden\" name=\"_wpcf7_recaptcha_response\" value=\"\" \/>\n<\/div>\n<p><label for=\"contact-type\">Tipo de solicitud <span class=\"required-asterisk\">*<\/span><\/label><br \/>\n<span class=\"wpcf7-form-control-wrap\" data-name=\"contact-type\"><select class=\"wpcf7-form-control wpcf7-select wpcf7-validates-as-required\" aria-required=\"true\" aria-invalid=\"false\" name=\"contact-type\"><option value=\"\">&#8212;Por favor, elige una opci\u00f3n&#8212;<\/option><option value=\"Informaci\u00f3n general\">Informaci\u00f3n general<\/option><option value=\"Ventas Italia\">Ventas Italia<\/option><option value=\"Ventas Internacionales\">Ventas Internacionales<\/option><option value=\"Atenci\u00f3n al Cliente\">Atenci\u00f3n al Cliente<\/option><option value=\"Soporte T\u00e9cnico\">Soporte T\u00e9cnico<\/option><option value=\"Administraci\u00f3n\">Administraci\u00f3n<\/option><\/select><\/span>\n<\/p>\n<p><label for=\"contact-name\">Nombre completo <span class=\"required-asterisk\">*<\/span><\/label><br \/>\n<span class=\"wpcf7-form-control-wrap\" data-name=\"contact-name\"><input size=\"40\" maxlength=\"400\" class=\"wpcf7-form-control wpcf7-text wpcf7-validates-as-required\" id=\"contact-name\" aria-required=\"true\" aria-invalid=\"false\" value=\"\" type=\"text\" name=\"contact-name\" \/><\/span>\n<\/p>\n<p><label for=\"contact-email\">Email <span class=\"required-asterisk\">*<\/span><\/label><br \/>\n<span class=\"wpcf7-form-control-wrap\" data-name=\"contact-email\"><input size=\"40\" maxlength=\"400\" class=\"wpcf7-form-control wpcf7-email wpcf7-validates-as-required wpcf7-text wpcf7-validates-as-email\" id=\"contact-email\" aria-required=\"true\" aria-invalid=\"false\" value=\"\" type=\"email\" name=\"contact-email\" \/><\/span>\n<\/p>\n<p><label for=\"contact-tel\">Tel\u00e9fono <span class=\"required-asterisk\">*<\/span><\/label><br \/>\n<span class=\"wpcf7-form-control-wrap\" data-name=\"contact-tel\"><input size=\"40\" maxlength=\"400\" class=\"wpcf7-form-control wpcf7-tel wpcf7-validates-as-required wpcf7-text wpcf7-validates-as-tel\" id=\"contact-tel\" aria-required=\"true\" aria-invalid=\"false\" value=\"\" type=\"tel\" name=\"contact-tel\" \/><\/span>\n<\/p>\n<p><label for=\"contact-message\">\u00bfEn qu\u00e9 podemos ayudarte? <span class=\"required-asterisk\">*<\/span><\/label><br \/>\n<span class=\"wpcf7-form-control-wrap\" data-name=\"contact-message\"><textarea cols=\"40\" rows=\"10\" maxlength=\"2000\" class=\"wpcf7-form-control wpcf7-textarea wpcf7-validates-as-required\" id=\"contact-message\" aria-required=\"true\" aria-invalid=\"false\" name=\"contact-message\"><\/textarea><\/span>\n<\/p>\n<p><span class=\"wpcf7-form-control-wrap\" data-name=\"contact-acceptance\"><span class=\"wpcf7-form-control wpcf7-acceptance\"><span class=\"wpcf7-list-item\"><label><input type=\"checkbox\" name=\"contact-acceptance\" value=\"1\" aria-invalid=\"false\" \/><span class=\"wpcf7-list-item-label\">He le\u00eddo y acepto la <a href=\"https:\/\/www.innovatrieste.it\/wp-content\/uploads\/2025\/01\/Privacy-Policy-Innova.pdf\" target=\"_blank\">Pol\u00edtica de privacidad<\/a><\/span><\/label><\/span><\/span><\/span>\n<\/p>\n<p><input class=\"wpcf7-form-control wpcf7-submit has-spinner\" type=\"submit\" value=\"Enviar\" \/>\n<\/p><div class=\"wpcf7-response-output\" aria-hidden=\"true\"><\/div>\n<\/form>\n<\/div>\n<\/div><\/div><\/div><div class=\"wpb_column vc_column_container vc_col-has-fill vc_col-sm-6  col-xs-mobile-fullwidth\"><div class=\"vc_column-inner cover-background vc_custom_1731065594362\"><div class=\"wpb_wrapper\"><\/div><\/div><\/div><\/section><div class=\"vc_row-full-width vc_clearfix\"><\/div><section data-vc-full-width=\"true\" data-vc-full-width-init=\"false\" data-parallax-background-ratio=\"0.5\" class=\"vc_row wpb_row vc_row-fluid  vc_custom_1731076453845 wow fadeIn vc_row-has-fill pofo-stretch-content pofo-stretch-row-container parallax pofo-row-responsive-69dbca4f8627b\" style=\"min-height: 900px;\"><div class=\"wpb_column vc_column_container vc_col-sm-12  col-xs-mobile-fullwidth\"><div class=\"vc_column-inner \"><div class=\"wpb_wrapper\"><\/div><\/div><\/div><\/section><div class=\"vc_row-full-width vc_clearfix\"><\/div>\n","protected":false},"excerpt":{"rendered":"[vc_single_image image=\"23320\" img_size=\"full\" el_class=\"margin-five-bottom\" css=\".vc_custom_1736264374387{margin-bottom: 20px !important;}\"]Somos discretos, pero... hablemos.Estamos aqu\u00ed para responder a tus preguntas y escuchar tus necesidades. Cont\u00e1ctanos para cualquier informaci\u00f3n o aclaraci\u00f3n, siempre con la m\u00e1xima confidencialidad y profesionalismo.Cont\u00e1ctenos Tipo de solicitud * &#8212;Por favor, elige una opci\u00f3n&#8212;Informaci\u00f3n generalVentas ItaliaVentas InternacionalesAtenci\u00f3n al ClienteSoporte T\u00e9cnicoAdministraci\u00f3n Nombre completo * Email * Tel\u00e9fono * \u00bfEn qu\u00e9 podemos ayudarte? * He le\u00eddo y acepto la Pol\u00edtica de privacidad","protected":false},"author":1,"featured_media":0,"parent":0,"menu_order":0,"comment_status":"closed","ping_status":"closed","template":"","meta":{"footnotes":""},"class_list":["post-23983","page","type-page","status-publish","hentry"],"yoast_head":"<!-- This site is optimized with the Yoast SEO plugin v24.3 - https:\/\/yoast.com\/wordpress\/plugins\/seo\/ -->\n<title>Habla con nosotros | Innova<\/title>\n<meta name=\"description\" content=\"Cont\u00e1ctanos en Innova para resolver tus dudas y necesidades con total confidencialidad y profesionalismo. Estamos aqu\u00ed para ayudarte.\" \/>\n<meta name=\"robots\" content=\"index, follow, max-snippet:-1, max-image-preview:large, max-video-preview:-1\" \/>\n<link rel=\"canonical\" href=\"https:\/\/www.innovatrieste.it\/es\/habla-con-nosotros\/\" \/>\n<meta property=\"og:locale\" content=\"es_ES\" \/>\n<meta property=\"og:type\" content=\"article\" \/>\n<meta property=\"og:title\" content=\"Habla con nosotros | Innova\" \/>\n<meta property=\"og:description\" content=\"Cont\u00e1ctanos en Innova para resolver tus dudas y necesidades con total confidencialidad y profesionalismo. Estamos aqu\u00ed para ayudarte.\" \/>\n<meta property=\"og:url\" content=\"https:\/\/www.innovatrieste.it\/es\/habla-con-nosotros\/\" \/>\n<meta property=\"og:site_name\" content=\"Innova\" \/>\n<meta property=\"article:modified_time\" content=\"2025-01-27T07:55:23+00:00\" \/>\n<meta property=\"og:image\" content=\"https:\/\/www.innovatrieste.it\/wp-content\/uploads\/2024\/10\/Slider-WhoWeLookFor.jpg\" \/>\n\t<meta property=\"og:image:width\" content=\"1920\" \/>\n\t<meta property=\"og:image:height\" content=\"1100\" \/>\n\t<meta property=\"og:image:type\" content=\"image\/jpeg\" \/>\n<meta name=\"twitter:card\" content=\"summary_large_image\" \/>\n<meta name=\"twitter:label1\" content=\"Tiempo de lectura\" \/>\n\t<meta name=\"twitter:data1\" content=\"1 minuto\" \/>\n<script type=\"application\/ld+json\" class=\"yoast-schema-graph\">{\"@context\":\"https:\/\/schema.org\",\"@graph\":[{\"@type\":\"WebPage\",\"@id\":\"https:\/\/www.innovatrieste.it\/es\/habla-con-nosotros\/\",\"url\":\"https:\/\/www.innovatrieste.it\/es\/habla-con-nosotros\/\",\"name\":\"Habla con nosotros | Innova\",\"isPartOf\":{\"@id\":\"https:\/\/www.innovatrieste.it\/es\/#website\"},\"datePublished\":\"2025-01-13T11:06:00+00:00\",\"dateModified\":\"2025-01-27T07:55:23+00:00\",\"description\":\"Cont\u00e1ctanos en Innova para resolver tus dudas y necesidades con total confidencialidad y profesionalismo. Estamos aqu\u00ed para ayudarte.\",\"breadcrumb\":{\"@id\":\"https:\/\/www.innovatrieste.it\/es\/habla-con-nosotros\/#breadcrumb\"},\"inLanguage\":\"es\",\"potentialAction\":[{\"@type\":\"ReadAction\",\"target\":[\"https:\/\/www.innovatrieste.it\/es\/habla-con-nosotros\/\"]}]},{\"@type\":\"BreadcrumbList\",\"@id\":\"https:\/\/www.innovatrieste.it\/es\/habla-con-nosotros\/#breadcrumb\",\"itemListElement\":[{\"@type\":\"ListItem\",\"position\":1,\"name\":\"Home\",\"item\":\"https:\/\/www.innovatrieste.it\/es\/\"},{\"@type\":\"ListItem\",\"position\":2,\"name\":\"Habla con nosotros\"}]},{\"@type\":\"WebSite\",\"@id\":\"https:\/\/www.innovatrieste.it\/es\/#website\",\"url\":\"https:\/\/www.innovatrieste.it\/es\/\",\"name\":\"INNOVA\",\"description\":\"We turn investigation into success\",\"publisher\":{\"@id\":\"https:\/\/www.innovatrieste.it\/es\/#organization\"},\"alternateName\":\"Innova Trieste\",\"potentialAction\":[{\"@type\":\"SearchAction\",\"target\":{\"@type\":\"EntryPoint\",\"urlTemplate\":\"https:\/\/www.innovatrieste.it\/es\/?s={search_term_string}\"},\"query-input\":{\"@type\":\"PropertyValueSpecification\",\"valueRequired\":true,\"valueName\":\"search_term_string\"}}],\"inLanguage\":\"es\"},{\"@type\":\"Organization\",\"@id\":\"https:\/\/www.innovatrieste.it\/es\/#organization\",\"name\":\"Innova S.p.A.\",\"alternateName\":\"Innova\",\"url\":\"https:\/\/www.innovatrieste.it\/es\/\",\"logo\":{\"@type\":\"ImageObject\",\"inLanguage\":\"es\",\"@id\":\"https:\/\/www.innovatrieste.it\/es\/#\/schema\/logo\/image\/\",\"url\":\"https:\/\/www.innovatrieste.it\/wp-content\/uploads\/2025\/01\/GetAttachmentThumbnail.png\",\"contentUrl\":\"https:\/\/www.innovatrieste.it\/wp-content\/uploads\/2025\/01\/GetAttachmentThumbnail.png\",\"width\":205,\"height\":28,\"caption\":\"Innova S.p.A.\"},\"image\":{\"@id\":\"https:\/\/www.innovatrieste.it\/es\/#\/schema\/logo\/image\/\"}}]}<\/script>\n<!-- \/ Yoast SEO plugin. -->","yoast_head_json":{"title":"Habla con nosotros | Innova","description":"Cont\u00e1ctanos en Innova para resolver tus dudas y necesidades con total confidencialidad y profesionalismo. Estamos aqu\u00ed para ayudarte.","robots":{"index":"index","follow":"follow","max-snippet":"max-snippet:-1","max-image-preview":"max-image-preview:large","max-video-preview":"max-video-preview:-1"},"canonical":"https:\/\/www.innovatrieste.it\/es\/habla-con-nosotros\/","og_locale":"es_ES","og_type":"article","og_title":"Habla con nosotros | Innova","og_description":"Cont\u00e1ctanos en Innova para resolver tus dudas y necesidades con total confidencialidad y profesionalismo. Estamos aqu\u00ed para ayudarte.","og_url":"https:\/\/www.innovatrieste.it\/es\/habla-con-nosotros\/","og_site_name":"Innova","article_modified_time":"2025-01-27T07:55:23+00:00","og_image":[{"width":1920,"height":1100,"url":"https:\/\/www.innovatrieste.it\/wp-content\/uploads\/2024\/10\/Slider-WhoWeLookFor.jpg","type":"image\/jpeg"}],"twitter_card":"summary_large_image","twitter_misc":{"Tiempo de lectura":"1 minuto"},"schema":{"@context":"https:\/\/schema.org","@graph":[{"@type":"WebPage","@id":"https:\/\/www.innovatrieste.it\/es\/habla-con-nosotros\/","url":"https:\/\/www.innovatrieste.it\/es\/habla-con-nosotros\/","name":"Habla con nosotros | Innova","isPartOf":{"@id":"https:\/\/www.innovatrieste.it\/es\/#website"},"datePublished":"2025-01-13T11:06:00+00:00","dateModified":"2025-01-27T07:55:23+00:00","description":"Cont\u00e1ctanos en Innova para resolver tus dudas y necesidades con total confidencialidad y profesionalismo. Estamos aqu\u00ed para ayudarte.","breadcrumb":{"@id":"https:\/\/www.innovatrieste.it\/es\/habla-con-nosotros\/#breadcrumb"},"inLanguage":"es","potentialAction":[{"@type":"ReadAction","target":["https:\/\/www.innovatrieste.it\/es\/habla-con-nosotros\/"]}]},{"@type":"BreadcrumbList","@id":"https:\/\/www.innovatrieste.it\/es\/habla-con-nosotros\/#breadcrumb","itemListElement":[{"@type":"ListItem","position":1,"name":"Home","item":"https:\/\/www.innovatrieste.it\/es\/"},{"@type":"ListItem","position":2,"name":"Habla con nosotros"}]},{"@type":"WebSite","@id":"https:\/\/www.innovatrieste.it\/es\/#website","url":"https:\/\/www.innovatrieste.it\/es\/","name":"INNOVA","description":"We turn investigation into success","publisher":{"@id":"https:\/\/www.innovatrieste.it\/es\/#organization"},"alternateName":"Innova Trieste","potentialAction":[{"@type":"SearchAction","target":{"@type":"EntryPoint","urlTemplate":"https:\/\/www.innovatrieste.it\/es\/?s={search_term_string}"},"query-input":{"@type":"PropertyValueSpecification","valueRequired":true,"valueName":"search_term_string"}}],"inLanguage":"es"},{"@type":"Organization","@id":"https:\/\/www.innovatrieste.it\/es\/#organization","name":"Innova S.p.A.","alternateName":"Innova","url":"https:\/\/www.innovatrieste.it\/es\/","logo":{"@type":"ImageObject","inLanguage":"es","@id":"https:\/\/www.innovatrieste.it\/es\/#\/schema\/logo\/image\/","url":"https:\/\/www.innovatrieste.it\/wp-content\/uploads\/2025\/01\/GetAttachmentThumbnail.png","contentUrl":"https:\/\/www.innovatrieste.it\/wp-content\/uploads\/2025\/01\/GetAttachmentThumbnail.png","width":205,"height":28,"caption":"Innova S.p.A."},"image":{"@id":"https:\/\/www.innovatrieste.it\/es\/#\/schema\/logo\/image\/"}}]}},"_links":{"self":[{"href":"https:\/\/www.innovatrieste.it\/es\/wp-json\/wp\/v2\/pages\/23983","targetHints":{"allow":["GET"]}}],"collection":[{"href":"https:\/\/www.innovatrieste.it\/es\/wp-json\/wp\/v2\/pages"}],"about":[{"href":"https:\/\/www.innovatrieste.it\/es\/wp-json\/wp\/v2\/types\/page"}],"author":[{"embeddable":true,"href":"https:\/\/www.innovatrieste.it\/es\/wp-json\/wp\/v2\/users\/1"}],"replies":[{"embeddable":true,"href":"https:\/\/www.innovatrieste.it\/es\/wp-json\/wp\/v2\/comments?post=23983"}],"version-history":[{"count":4,"href":"https:\/\/www.innovatrieste.it\/es\/wp-json\/wp\/v2\/pages\/23983\/revisions"}],"predecessor-version":[{"id":24081,"href":"https:\/\/www.innovatrieste.it\/es\/wp-json\/wp\/v2\/pages\/23983\/revisions\/24081"}],"wp:attachment":[{"href":"https:\/\/www.innovatrieste.it\/es\/wp-json\/wp\/v2\/media?parent=23983"}],"curies":[{"name":"wp","href":"https:\/\/api.w.org\/{rel}","templated":true}]}}